{"id":1451,"date":"2024-12-17T17:40:14","date_gmt":"2024-12-17T17:40:14","guid":{"rendered":"https:\/\/salesgrowthmachine.io\/condiciones-generales\/"},"modified":"2025-02-10T15:32:33","modified_gmt":"2025-02-10T15:32:33","slug":"condiciones-generales","status":"publish","type":"page","link":"https:\/\/salesgrowthmachine.io\/es\/condiciones-generales\/","title":{"rendered":"Condiciones generales"},"content":{"rendered":"\t\t<div data-elementor-type=\"wp-page\" data-elementor-id=\"1451\" class=\"elementor elementor-1451 elementor-96\" data-elementor-post-type=\"page\">\n\t\t\t\t<div class=\"elementor-element elementor-element-5222e388 e-flex e-con-boxed e-con e-parent\" data-id=\"5222e388\" data-element_type=\"container\" data-settings=\"{&quot;background_background&quot;:&quot;gradient&quot;}\">\n\t\t\t\t\t<div class=\"e-con-inner\">\n\t\t\t\t<div class=\"elementor-element elementor-element-1993c680 elementor-widget elementor-widget-heading\" data-id=\"1993c680\" data-element_type=\"widget\" data-widget_type=\"heading.default\">\n\t\t\t\t\t<h1 class=\"elementor-heading-title elementor-size-default\">Condiciones generales<\/h1>\t\t\t\t<\/div>\n\t\t\t\t\t<\/div>\n\t\t\t\t<\/div>\n\t\t<div class=\"elementor-element elementor-element-5b8efb6 e-flex e-con-boxed e-con e-parent\" data-id=\"5b8efb6\" data-element_type=\"container\">\n\t\t\t\t\t<div class=\"e-con-inner\">\n\t\t\t\t<div class=\"elementor-element elementor-element-c6c91cf elementor-widget elementor-widget-text-editor\" data-id=\"c6c91cf\" data-element_type=\"widget\" data-widget_type=\"text-editor.default\">\n\t\t\t\t\t\t\t\t\t<p><strong>Growth Marketing T\u00c9RMINOS Y CONDICIONES<\/strong><br \/><strong>\u00daLTIMA ACTUALIZACI\u00d3N: 13 DE AGOSTO DE 2020<\/strong><\/p><p>Los t\u00e9rminos y condiciones (\u201cT\u00e9rminos\u201d) describen c\u00f3mo Growth Marketing (\u00abEmpresa\u00bb, \u00abnosotros\u00bb y \u00abnuestro\u00bb) regula el uso de este sitio web <a href=\"https:\/\/salesgrowthmachine.io\/\">https:\/\/salesgrowthmachine.io<\/a> (el \u00absitio web\u00bb). Por favor, lea la siguiente informaci\u00f3n cuidadosamente para entender nuestras pr\u00e1cticas con respecto al uso del sitio web. La Empresa puede cambiar los T\u00e9rminos en cualquier momento. La Empresa puede notificarle sobre cambios en los T\u00e9rminos utilizando los medios de comunicaci\u00f3n disponibles. La Empresa recomienda que revise el sitio web con frecuencia para ver la versi\u00f3n actual de los T\u00e9rminos y las versiones anteriores.<\/p><p><strong>POL\u00cdTICA DE PRIVACIDAD<\/strong><br \/>Nuestra pol\u00edtica de privacidad est\u00e1 disponible en una p\u00e1gina separada. Nuestra pol\u00edtica de privacidad explica c\u00f3mo utilizamos sus datos personales. Al utilizar nuestro sitio web, usted reconoce que ha le\u00eddo y aceptado nuestras pol\u00edticas de privacidad y las formas en que procesamos sus datos.<\/p><p><strong>SU CUENTA<\/strong><br \/>Cuando utiliza nuestro sitio web, usted es responsable de mantener la confidencialidad de su cuenta, contrase\u00f1a y otras credenciales. No debe compartir su cuenta con terceros. No somos responsables por el acceso no autorizado que resulte de la negligencia del usuario (propietario de la cuenta). La empresa se reserva el derecho de terminar el servicio, o cancelar su cuenta y eliminar sus datos si comparte su cuenta.<\/p><p><strong>SERVICIOS<\/strong><br \/>El sitio web le permite utilizar los servicios disponibles en el sitio web. No debe utilizar estos servicios para fines ilegales.<br \/>Podemos, en algunos casos, cobrar una tarifa para utilizar el sitio web. Todos los precios se publicar\u00e1n por separado en las p\u00e1ginas correspondientes del sitio web. Podemos, en algunos casos, y en cualquier momento, cambiar las tarifas para acceder.<br \/>Tambi\u00e9n podemos utilizar sistemas de procesamiento de pagos que tendr\u00e1n tarifas de procesamiento de pagos. Algunas de estas tarifas pueden ser presentadas cuando seleccione un m\u00e9todo de pago determinado. Todos los detalles sobre estas tarifas de los sistemas de pago se pueden encontrar en sus respectivos sitios web.<\/p><p><strong>SERVICIOS DE TERCEROS<\/strong><br \/>El sitio web puede incluir enlaces a otros sitios web, aplicaciones o plataformas.<br \/>No controlamos los sitios web de terceros y no somos responsables por el contenido y otros materiales incluidos en esos sitios web. Los ponemos a disposici\u00f3n para usted y mantenemos todos nuestros servicios y caracter\u00edsticas en nuestro sitio web.<\/p><p><strong>USOS PROHIBIDOS Y PROPIEDAD INTELECTUAL<\/strong><br \/>Le otorgamos una licencia revocable, no transferible y no exclusiva para acceder y utilizar nuestro sitio web desde un dispositivo de acuerdo con los T\u00e9rminos.<br \/>No debe utilizar el sitio web para fines ilegales o prohibidos. No puede utilizar el sitio web de manera que pueda deshabilitar, da\u00f1ar o interferir con el sitio web.<br \/>Todo el contenido presente en nuestro sitio web, incluidos texto, c\u00f3digo, gr\u00e1ficos, logotipos, im\u00e1genes, videos, software utilizado en el sitio web (colectivamente el \u00abContenido\u00bb). El contenido es propiedad de la empresa o de sus contratistas y est\u00e1 protegido por ley (propiedad intelectual) que protege esos derechos.<br \/>No puede publicar, compartir, modificar, realizar ingenier\u00eda inversa, participar en la transferencia o venta de obras derivadas, o de cualquier manera utilizar cualquiera de los Contenidos. Su uso del sitio web no le otorga ning\u00fan derecho a hacer uso ilegal y no autorizado del Contenido, y en particular, no debe alterar los derechos de propiedad o avisos en el Contenido. Debe utilizar el Contenido \u00fanicamente para su uso personal y no comercial. La Empresa no le concede ninguna licencia para la propiedad intelectual de sus contenidos.<\/p><p><strong>MATERIALES DE LA EMPRESA<\/strong><br \/>Al publicar, subir, introducir, proporcionar o enviar su Contenido, nos est\u00e1 otorgando los derechos para utilizar su Contenido para el desarrollo de nuestro negocio, incluidos, entre otros, los derechos de transmitir, mostrar p\u00fablicamente, distribuir, ejecutar p\u00fablicamente, copiar, reproducir y traducir su Contenido; y de publicar su nombre en relaci\u00f3n con su Contenido.<br \/>No se pagar\u00e1 ninguna compensaci\u00f3n con respecto al uso de su Contenido. La Empresa no tiene la obligaci\u00f3n de publicar o disfrutar de cualquier Contenido que pueda proporcionarnos y puede eliminar su Contenido en cualquier momento sin aviso.<br \/>Al publicar, subir, introducir, proporcionar o enviar su Contenido, garantiza y declara que posee todos los derechos sobre su Contenido.<\/p><p><strong>EXENCI\u00d3N DE CIERTAS RESPONSABILIDADES<\/strong><br \/>La informaci\u00f3n disponible a trav\u00e9s del sitio web puede incluir errores tipogr\u00e1ficos o imprecisiones. La Empresa no ser\u00e1 responsable por estas imprecisiones y errores.<br \/>La Empresa no hace declaraciones sobre la disponibilidad, precisi\u00f3n, fiabilidad, adecuaci\u00f3n y actualidad del Contenido contenido y los servicios disponibles en el sitio web. En la medida m\u00e1xima permitida por la ley aplicable, todo el Contenido y servicios se proporciona \u00abtal cual\u00bb. La Empresa se exime de todas las garant\u00edas y condiciones relativas a este Contenido y servicios, incluidas las garant\u00edas y disposiciones de comerciabilidad, adecuaci\u00f3n para un prop\u00f3sito particular.<\/p><p><strong>INDEMNIZACI\u00d3N<\/strong><br \/>Usted acepta indemnizar, defender y mantener indemne a la Compa\u00f1\u00eda, sus gerentes, directores, empleados, agentes y terceros, por cualquier costo, p\u00e9rdida, gasto (incluidos honorarios de abogados), responsabilidades relativas o derivadas de su disfrute o incapacidad para disfrutar del sitio web, o los servicios y productos de la Empresa, su violaci\u00f3n de los T\u00e9rminos, o su violaci\u00f3n de los derechos de terceros, o su violaci\u00f3n de la ley aplicable. Debe cooperar con la Empresa en la afirmaci\u00f3n de cualquier defensa disponible.<\/p><p><strong>RESCISI\u00d3N Y RESTRICCI\u00d3N DE ACCESO<\/strong><br \/>La Empresa puede cancelar o bloquear su acceso o cuenta en el sitio web y sus respectivos servicios en cualquier momento, sin aviso, si usted viola los T\u00e9rminos y Condiciones.<\/p><p><strong>VARIOS<\/strong><br \/>La ley que rige los T\u00e9rminos debe ser las leyes sustantivas del pa\u00eds donde la Empresa est\u00e1 establecida, excepto las reglas de conflicto de leyes. No debe utilizar el Sitio Web en jurisdicciones que no den efecto a todas las disposiciones de los T\u00e9rminos.<br \/>No se implicar\u00e1 ninguna sociedad, empleo o relaci\u00f3n de agencia entre usted y la Empresa como resultado de los T\u00e9rminos o uso del Sitio Web.<br \/>Nada en los T\u00e9rminos ser\u00e1 una derogaci\u00f3n del derecho de la Empresa a cumplir con solicitudes o requisitos gubernamentales, judiciales, policiales y policiales o requisitos relacionados con su uso del Sitio Web.<br \/>Si alguna parte de los T\u00e9rminos se considera inv\u00e1lida o inaplicable seg\u00fan la ley aplicable, las cl\u00e1usulas inv\u00e1lidas o inaplicables se considerar\u00e1n reemplazadas por cl\u00e1usulas v\u00e1lidas y aplicables que deben ser similares a la versi\u00f3n original de los T\u00e9rminos y otras partes y secciones del Contrato. Los t\u00e9rminos ser\u00e1n aplicables a usted y a la Empresa.<br \/>Los T\u00e9rminos constituyen el acuerdo total entre usted y la Empresa con respecto al uso del Sitio Web y los T\u00e9rminos reemplazan todas las comunicaciones y ofertas anteriores o contempor\u00e1neas, ya sean electr\u00f3nicas, orales o escritas, entre usted y la Empresa.<br \/>La Empresa y sus afiliadas no ser\u00e1n responsables por una falla o retraso en el cumplimiento de sus obligaciones cuando la falla o retraso resulte de cualquier causa m\u00e1s all\u00e1 del control razonable de la Empresa, incluidas fallas t\u00e9cnicas, desastres naturales, bloqueos, embargos, disturbios, actos, regulaciones, legislaci\u00f3n u \u00f3rdenes de gobierno, actos terroristas, guerras o cualquier otra fuerza fuera del control de la Empresa.<br \/>En caso de controversias, demandas, reclamaciones, disputas o causas de acci\u00f3n entre la Empresa y usted en relaci\u00f3n con el Sitio Web u otros asuntos relacionados, o con los T\u00e9rminos, usted y la Empresa acuerdan intentar resolver tales controversias, demandas, reclamaciones, disputas, o causas de acci\u00f3n por negociaci\u00f3n de buena fe, y en caso de falla de dicha negociaci\u00f3n, exclusivamente a trav\u00e9s de los tribunales del pa\u00eds donde la Compa\u00f1\u00eda est\u00e1 establecida.<\/p><p><strong>QUEJAS<\/strong><br \/>Estamos comprometidos a resolver cualquier queja sobre la forma en que recopilamos o utilizamos sus datos personales. Si desea presentar una queja sobre estos T\u00e9rminos o nuestras pr\u00e1cticas con respecto a sus datos personales, cont\u00e1ctenos en: <a href=\"mailto:geral@beseendigitalmarketing.com\">geral@beseendigitalmarketing.com<\/a>. Responderemos a su queja lo antes posible y, en cualquier caso, dentro de los 30 d\u00edas. Esperamos resolver cualquier queja que se nos presente; sin embargo, si cree que su queja no ha sido resuelta adecuadamente, se reserva el derecho de comunicarse con la autoridad de supervisi\u00f3n de protecci\u00f3n de datos local.<\/p><p><strong>INFORMACI\u00d3N DE CONTACTO<\/strong><br \/>Agradecemos sus comentarios o preguntas sobre estos T\u00e9rminos. Puede contactarnos por escrito en: geral@salesgrowthmachine.io<\/p>\t\t\t\t\t\t\t\t<\/div>\n\t\t\t\t\t<\/div>\n\t\t\t\t<\/div>\n\t\t\t\t<\/div>\n\t\t","protected":false},"excerpt":{"rendered":"<p>Condiciones generales Growth Marketing T\u00c9RMINOS Y CONDICIONES\u00daLTIMA ACTUALIZACI\u00d3N: 13 DE AGOSTO DE 2020 Los t\u00e9rminos y condiciones (\u201cT\u00e9rminos\u201d) describen c\u00f3mo Growth Marketing (\u00abEmpresa\u00bb, \u00abnosotros\u00bb y \u00abnuestro\u00bb) regula el uso de este sitio web https:\/\/salesgrowthmachine.io (el \u00absitio web\u00bb). Por favor, lea la siguiente informaci\u00f3n cuidadosamente para entender nuestras pr\u00e1cticas con respecto al uso del sitio web. [&hellip;]<\/p>\n","protected":false},"author":1,"featured_media":0,"parent":0,"menu_order":0,"comment_status":"closed","ping_status":"closed","template":"elementor_header_footer","meta":{"inline_featured_image":false,"footnotes":""},"class_list":["post-1451","page","type-page","status-publish","hentry"],"yoast_head":"<!-- This site is optimized with the Yoast SEO Premium plugin v24.6 (Yoast SEO v25.5) - https:\/\/yoast.com\/wordpress\/plugins\/seo\/ -->\n<title>Condiciones generales - Growth Marketing<\/title>\n<meta name=\"robots\" content=\"index, follow, max-snippet:-1, max-image-preview:large, max-video-preview:-1\" \/>\n<link rel=\"canonical\" href=\"https:\/\/salesgrowthmachine.io\/es\/condiciones-generales\/\" \/>\n<meta property=\"og:locale\" content=\"es_ES\" \/>\n<meta property=\"og:type\" content=\"article\" \/>\n<meta property=\"og:title\" content=\"Condiciones generales\" \/>\n<meta property=\"og:description\" content=\"Condiciones generales Growth Marketing T\u00c9RMINOS Y CONDICIONES\u00daLTIMA ACTUALIZACI\u00d3N: 13 DE AGOSTO DE 2020 Los t\u00e9rminos y condiciones (\u201cT\u00e9rminos\u201d) describen c\u00f3mo Growth Marketing (\u00abEmpresa\u00bb, \u00abnosotros\u00bb y \u00abnuestro\u00bb) regula el uso de este sitio web https:\/\/salesgrowthmachine.io (el \u00absitio web\u00bb). Por favor, lea la siguiente informaci\u00f3n cuidadosamente para entender nuestras pr\u00e1cticas con respecto al uso del sitio web. [&hellip;]\" \/>\n<meta property=\"og:url\" content=\"https:\/\/salesgrowthmachine.io\/es\/condiciones-generales\/\" \/>\n<meta property=\"og:site_name\" content=\"Growth Marketing\" \/>\n<meta property=\"article:publisher\" content=\"https:\/\/www.facebook.com\/profile.php?id=61574198341591\" \/>\n<meta property=\"article:modified_time\" content=\"2025-02-10T15:32:33+00:00\" \/>\n<meta name=\"twitter:card\" content=\"summary_large_image\" \/>\n<script type=\"application\/ld+json\" class=\"yoast-schema-graph\">{\"@context\":\"https:\/\/schema.org\",\"@graph\":[{\"@type\":\"WebPage\",\"@id\":\"https:\/\/salesgrowthmachine.io\/es\/condiciones-generales\/\",\"url\":\"https:\/\/salesgrowthmachine.io\/es\/condiciones-generales\/\",\"name\":\"Condiciones generales - Growth Marketing\",\"isPartOf\":{\"@id\":\"https:\/\/salesgrowthmachine.io\/es\/#website\"},\"datePublished\":\"2024-12-17T17:40:14+00:00\",\"dateModified\":\"2025-02-10T15:32:33+00:00\",\"breadcrumb\":{\"@id\":\"https:\/\/salesgrowthmachine.io\/es\/condiciones-generales\/#breadcrumb\"},\"inLanguage\":\"es\",\"potentialAction\":[{\"@type\":\"ReadAction\",\"target\":[\"https:\/\/salesgrowthmachine.io\/es\/condiciones-generales\/\"]}]},{\"@type\":\"BreadcrumbList\",\"@id\":\"https:\/\/salesgrowthmachine.io\/es\/condiciones-generales\/#breadcrumb\",\"itemListElement\":[{\"@type\":\"ListItem\",\"position\":1,\"name\":\"In\u00edcio\",\"item\":\"https:\/\/salesgrowthmachine.io\/es\/\"},{\"@type\":\"ListItem\",\"position\":2,\"name\":\"Condiciones generales\"}]},{\"@type\":\"WebSite\",\"@id\":\"https:\/\/salesgrowthmachine.io\/es\/#website\",\"url\":\"https:\/\/salesgrowthmachine.io\/es\/\",\"name\":\"Sales Growth Machine\",\"description\":\"Potencie o Crescimento do Seu Neg\u00f3cio com Growth Marketing\",\"publisher\":{\"@id\":\"https:\/\/salesgrowthmachine.io\/es\/#organization\"},\"potentialAction\":[{\"@type\":\"SearchAction\",\"target\":{\"@type\":\"EntryPoint\",\"urlTemplate\":\"https:\/\/salesgrowthmachine.io\/es\/?s={search_term_string}\"},\"query-input\":{\"@type\":\"PropertyValueSpecification\",\"valueRequired\":true,\"valueName\":\"search_term_string\"}}],\"inLanguage\":\"es\"},{\"@type\":\"Organization\",\"@id\":\"https:\/\/salesgrowthmachine.io\/es\/#organization\",\"name\":\"BESEEN DIGITAL MARKETING UNIPESSOAL LDA\",\"url\":\"https:\/\/salesgrowthmachine.io\/es\/\",\"logo\":{\"@type\":\"ImageObject\",\"inLanguage\":\"es\",\"@id\":\"https:\/\/salesgrowthmachine.io\/es\/#\/schema\/logo\/image\/\",\"url\":\"https:\/\/salesgrowthmachine.io\/wp-content\/uploads\/2025\/03\/Horizontal-Sales-Growth-Machines-preto-1.png\",\"contentUrl\":\"https:\/\/salesgrowthmachine.io\/wp-content\/uploads\/2025\/03\/Horizontal-Sales-Growth-Machines-preto-1.png\",\"width\":1,\"height\":1,\"caption\":\"BESEEN DIGITAL MARKETING UNIPESSOAL LDA\"},\"image\":{\"@id\":\"https:\/\/salesgrowthmachine.io\/es\/#\/schema\/logo\/image\/\"},\"sameAs\":[\"https:\/\/www.facebook.com\/profile.php?id=61574198341591\"]}]}<\/script>\n<!-- \/ Yoast SEO Premium plugin. -->","yoast_head_json":{"title":"Condiciones generales - Growth Marketing","robots":{"index":"index","follow":"follow","max-snippet":"max-snippet:-1","max-image-preview":"max-image-preview:large","max-video-preview":"max-video-preview:-1"},"canonical":"https:\/\/salesgrowthmachine.io\/es\/condiciones-generales\/","og_locale":"es_ES","og_type":"article","og_title":"Condiciones generales","og_description":"Condiciones generales Growth Marketing T\u00c9RMINOS Y CONDICIONES\u00daLTIMA ACTUALIZACI\u00d3N: 13 DE AGOSTO DE 2020 Los t\u00e9rminos y condiciones (\u201cT\u00e9rminos\u201d) describen c\u00f3mo Growth Marketing (\u00abEmpresa\u00bb, \u00abnosotros\u00bb y \u00abnuestro\u00bb) regula el uso de este sitio web https:\/\/salesgrowthmachine.io (el \u00absitio web\u00bb). Por favor, lea la siguiente informaci\u00f3n cuidadosamente para entender nuestras pr\u00e1cticas con respecto al uso del sitio web. [&hellip;]","og_url":"https:\/\/salesgrowthmachine.io\/es\/condiciones-generales\/","og_site_name":"Growth Marketing","article_publisher":"https:\/\/www.facebook.com\/profile.php?id=61574198341591","article_modified_time":"2025-02-10T15:32:33+00:00","twitter_card":"summary_large_image","schema":{"@context":"https:\/\/schema.org","@graph":[{"@type":"WebPage","@id":"https:\/\/salesgrowthmachine.io\/es\/condiciones-generales\/","url":"https:\/\/salesgrowthmachine.io\/es\/condiciones-generales\/","name":"Condiciones generales - Growth Marketing","isPartOf":{"@id":"https:\/\/salesgrowthmachine.io\/es\/#website"},"datePublished":"2024-12-17T17:40:14+00:00","dateModified":"2025-02-10T15:32:33+00:00","breadcrumb":{"@id":"https:\/\/salesgrowthmachine.io\/es\/condiciones-generales\/#breadcrumb"},"inLanguage":"es","potentialAction":[{"@type":"ReadAction","target":["https:\/\/salesgrowthmachine.io\/es\/condiciones-generales\/"]}]},{"@type":"BreadcrumbList","@id":"https:\/\/salesgrowthmachine.io\/es\/condiciones-generales\/#breadcrumb","itemListElement":[{"@type":"ListItem","position":1,"name":"In\u00edcio","item":"https:\/\/salesgrowthmachine.io\/es\/"},{"@type":"ListItem","position":2,"name":"Condiciones generales"}]},{"@type":"WebSite","@id":"https:\/\/salesgrowthmachine.io\/es\/#website","url":"https:\/\/salesgrowthmachine.io\/es\/","name":"Sales Growth Machine","description":"Potencie o Crescimento do Seu Neg\u00f3cio com Growth Marketing","publisher":{"@id":"https:\/\/salesgrowthmachine.io\/es\/#organization"},"potentialAction":[{"@type":"SearchAction","target":{"@type":"EntryPoint","urlTemplate":"https:\/\/salesgrowthmachine.io\/es\/?s={search_term_string}"},"query-input":{"@type":"PropertyValueSpecification","valueRequired":true,"valueName":"search_term_string"}}],"inLanguage":"es"},{"@type":"Organization","@id":"https:\/\/salesgrowthmachine.io\/es\/#organization","name":"BESEEN DIGITAL MARKETING UNIPESSOAL LDA","url":"https:\/\/salesgrowthmachine.io\/es\/","logo":{"@type":"ImageObject","inLanguage":"es","@id":"https:\/\/salesgrowthmachine.io\/es\/#\/schema\/logo\/image\/","url":"https:\/\/salesgrowthmachine.io\/wp-content\/uploads\/2025\/03\/Horizontal-Sales-Growth-Machines-preto-1.png","contentUrl":"https:\/\/salesgrowthmachine.io\/wp-content\/uploads\/2025\/03\/Horizontal-Sales-Growth-Machines-preto-1.png","width":1,"height":1,"caption":"BESEEN DIGITAL MARKETING UNIPESSOAL LDA"},"image":{"@id":"https:\/\/salesgrowthmachine.io\/es\/#\/schema\/logo\/image\/"},"sameAs":["https:\/\/www.facebook.com\/profile.php?id=61574198341591"]}]}},"_links":{"self":[{"href":"https:\/\/salesgrowthmachine.io\/es\/wp-json\/wp\/v2\/pages\/1451","targetHints":{"allow":["GET"]}}],"collection":[{"href":"https:\/\/salesgrowthmachine.io\/es\/wp-json\/wp\/v2\/pages"}],"about":[{"href":"https:\/\/salesgrowthmachine.io\/es\/wp-json\/wp\/v2\/types\/page"}],"author":[{"embeddable":true,"href":"https:\/\/salesgrowthmachine.io\/es\/wp-json\/wp\/v2\/users\/1"}],"replies":[{"embeddable":true,"href":"https:\/\/salesgrowthmachine.io\/es\/wp-json\/wp\/v2\/comments?post=1451"}],"version-history":[{"count":0,"href":"https:\/\/salesgrowthmachine.io\/es\/wp-json\/wp\/v2\/pages\/1451\/revisions"}],"wp:attachment":[{"href":"https:\/\/salesgrowthmachine.io\/es\/wp-json\/wp\/v2\/media?parent=1451"}],"curies":[{"name":"wp","href":"https:\/\/api.w.org\/{rel}","templated":true}]}}