{"id":1471,"date":"2024-12-26T17:44:24","date_gmt":"2024-12-26T17:44:24","guid":{"rendered":"https:\/\/salesgrowthmachine.io\/analisis-de-datos-y-metricas\/"},"modified":"2025-03-12T15:55:13","modified_gmt":"2025-03-12T15:55:13","slug":"analisis-de-datos-y-metricas","status":"publish","type":"page","link":"https:\/\/salesgrowthmachine.io\/es\/analisis-de-datos-y-metricas\/","title":{"rendered":"An\u00e1lisis de datos y m\u00e9tricas"},"content":{"rendered":"\t\t<div data-elementor-type=\"wp-page\" data-elementor-id=\"1471\" class=\"elementor elementor-1471 elementor-690\" data-elementor-post-type=\"page\">\n\t\t\t\t<div class=\"elementor-element elementor-element-498918e1 e-flex e-con-boxed e-con e-parent\" data-id=\"498918e1\" data-element_type=\"container\" data-settings=\"{&quot;background_background&quot;:&quot;gradient&quot;}\">\n\t\t\t\t\t<div class=\"e-con-inner\">\n\t\t\t\t<div class=\"elementor-element elementor-element-1745d286 elementor-widget elementor-widget-heading\" data-id=\"1745d286\" data-element_type=\"widget\" data-widget_type=\"heading.default\">\n\t\t\t\t\t<h1 class=\"elementor-heading-title elementor-size-default\">An\u00e1lisis de datos y m\u00e9tricas<\/h1>\t\t\t\t<\/div>\n\t\t\t\t\t<\/div>\n\t\t\t\t<\/div>\n\t\t<div class=\"elementor-element elementor-element-7c078d25 e-flex e-con-boxed e-con e-parent\" data-id=\"7c078d25\" data-element_type=\"container\">\n\t\t\t\t\t<div class=\"e-con-inner\">\n\t\t<div class=\"elementor-element elementor-element-45581b19 e-con-full e-flex e-con e-child\" data-id=\"45581b19\" data-element_type=\"container\">\n\t\t\t\t<div class=\"elementor-element elementor-element-41aa5771 elementor-widget elementor-widget-text-editor\" data-id=\"41aa5771\" data-element_type=\"widget\" data-widget_type=\"text-editor.default\">\n\t\t\t\t\t\t\t\t\t<p>En la era digital, <strong>el an\u00e1lisis de datos y m\u00e9tricas<\/strong> se ha convertido en algo esencial para cualquier estrategia de marketing de \u00e9xito. Utilizando informaci\u00f3n basada en datos, puedes optimizar todos los aspectos de tus campa\u00f1as, garantizando que no s\u00f3lo lleguen al p\u00fablico adecuado, sino que tambi\u00e9n generen resultados concretos y medibles. <\/p>\n<h4> <\/h4>\n<h4>Toma de decisiones informada<\/h4>\n<p>Analizando detalladamente los datos recogidos, ayudamos a tu empresa a tomar decisiones con conocimiento de causa. Identificamos tendencias, comportamientos de los consumidores y pautas de compra que orientan el desarrollo de estrategias m\u00e1s eficaces. Este conocimiento nos permite ajustar los planteamientos en tiempo real y maximizar el rendimiento de la inversi\u00f3n.  <\/p>\n<h4> <\/h4>\n<h4>Medici\u00f3n del rendimiento<\/h4>\n<p>Medir el rendimiento de tus campa\u00f1as de marketing es clave para comprender lo que funciona y lo que hay que ajustar. Ofrecemos informes completos y f\u00e1ciles de interpretar que destacan las m\u00e9tricas clave y las perspectivas procesables. Esto incluye la tasa de conversi\u00f3n, el coste por adquisici\u00f3n y el valor del ciclo de vida del cliente, entre otros indicadores.  <\/p>\n<h4> <\/h4>\n<h4>Optimizaci\u00f3n continua<\/h4>\n<p>Bas\u00e1ndonos en los datos analizados, aplicamos procesos de optimizaci\u00f3n continua para mejorar la eficacia de tus estrategias de marketing. Ya sea ajustando las palabras clave en las campa\u00f1as SEO, refinando la segmentaci\u00f3n en PPC o ajustando el contenido para que resuene mejor con el p\u00fablico objetivo, nos aseguramos de que cada elemento de tu estrategia est\u00e9 alineado con los objetivos empresariales. <\/p>\n<p>Optar por nuestros servicios de <strong>An\u00e1lisis de Datos y M\u00e9tricas<\/strong> significa adoptar un enfoque proactivo, basado en los datos. Con informaci\u00f3n precisa, tu empresa estar\u00e1 mejor equipada para innovar, adaptarse y crecer en un mercado en constante cambio. Ponte en contacto con nosotros para saber c\u00f3mo podemos ayudarte a convertir los datos en resultados concretos para tu empresa.  <\/p>\n\t\t\t\t\t\t\t\t<\/div>\n\t\t\t\t<div class=\"elementor-element elementor-element-68d9a7e elementor-widget elementor-widget-image\" data-id=\"68d9a7e\" data-element_type=\"widget\" data-widget_type=\"image.default\">\n\t\t\t\t\t\t\t\t\t\t\t\t\t\t\t\t<a href=\"https:\/\/salesgrowthmachine.io\/es\/evaluacion-de-growth\/\" target=\"_blank\">\n\t\t\t\t\t\t\t<img fetchpriority=\"high\" decoding=\"async\" width=\"1600\" height=\"130\" src=\"https:\/\/salesgrowthmachine.io\/wp-content\/uploads\/2025\/01\/Banner-1-1600x130-Espanhol.png\" class=\"attachment-full size-full wp-image-2369\" alt=\"\" srcset=\"https:\/\/salesgrowthmachine.io\/wp-content\/uploads\/2025\/01\/Banner-1-1600x130-Espanhol.png 1600w, https:\/\/salesgrowthmachine.io\/wp-content\/uploads\/2025\/01\/Banner-1-1600x130-Espanhol-300x24.png 300w, https:\/\/salesgrowthmachine.io\/wp-content\/uploads\/2025\/01\/Banner-1-1600x130-Espanhol-1024x83.png 1024w, https:\/\/salesgrowthmachine.io\/wp-content\/uploads\/2025\/01\/Banner-1-1600x130-Espanhol-768x62.png 768w, https:\/\/salesgrowthmachine.io\/wp-content\/uploads\/2025\/01\/Banner-1-1600x130-Espanhol-1536x125.png 1536w\" sizes=\"(max-width: 1600px) 100vw, 1600px\" \/>\t\t\t\t\t\t\t\t<\/a>\n\t\t\t\t\t\t\t\t\t\t\t\t\t\t\t<\/div>\n\t\t\t\t<\/div>\n\t\t<div class=\"elementor-element elementor-element-772a3b00 e-con-full e-flex e-con e-child\" data-id=\"772a3b00\" data-element_type=\"container\">\n\t\t<div class=\"elementor-element elementor-element-5e2c0411 e-flex e-con-boxed e-con e-child\" data-id=\"5e2c0411\" data-element_type=\"container\" data-settings=\"{&quot;background_background&quot;:&quot;classic&quot;,&quot;sticky&quot;:&quot;top&quot;,&quot;sticky_parent&quot;:&quot;yes&quot;,&quot;sticky_on&quot;:[&quot;desktop&quot;],&quot;sticky_offset&quot;:0,&quot;sticky_effects_offset&quot;:0,&quot;sticky_anchor_link_offset&quot;:0}\">\n\t\t\t\t\t<div class=\"e-con-inner\">\n\t\t\t\t<div class=\"elementor-element elementor-element-26406938 elementor-widget elementor-widget-heading\" data-id=\"26406938\" data-element_type=\"widget\" data-widget_type=\"heading.default\">\n\t\t\t\t\t<h6 class=\"elementor-heading-title elementor-size-default\">Solicita ahora un an\u00e1lisis gratuito para tu empresa<\/h6>\t\t\t\t<\/div>\n\t\t\t\t<div class=\"elementor-element elementor-element-5831cae elementor-widget elementor-widget-shortcode\" data-id=\"5831cae\" data-element_type=\"widget\" data-widget_type=\"shortcode.default\">\n\t\t\t\t\t\t\t<div class=\"elementor-shortcode\"><div class=\"wpforms-container wpforms-container-full wpforms-form wpforms-render-modern\" id=\"wpforms-6095\"><form id=\"wpforms-form-6095\" class=\"wpforms-validate wpforms-form wpforms-ajax-form\" data-formid=\"6095\" method=\"post\" enctype=\"multipart\/form-data\" action=\"\/es\/wp-json\/wp\/v2\/pages\/1471\" data-token=\"15d9befe9bf63259ee99f6cc33b0bcad\" data-token-time=\"1777517852\"><noscript class=\"wpforms-error-noscript\">Por favor, activa JavaScript en tu navegador para completar este formulario.<\/noscript><div class=\"wpforms-hidden\" id=\"wpforms-error-noscript\">Por favor, activa JavaScript en tu navegador para completar este formulario.<\/div><div class=\"wpforms-field-container\"><div id=\"wpforms-6095-field_1-container\" class=\"wpforms-field wpforms-field-text\" data-field-id=\"1\"><label class=\"wpforms-field-label wpforms-label-hide\" for=\"wpforms-6095-field_1\" aria-hidden=\"false\">Nombre <span class=\"wpforms-required-label\" aria-hidden=\"true\">*<\/span><\/label><input type=\"text\" id=\"wpforms-6095-field_1\" class=\"wpforms-field-large wpforms-field-required\" name=\"wpforms[fields][1]\" placeholder=\"Nombre\" aria-errormessage=\"wpforms-6095-field_1-error\" required><\/div><div id=\"wpforms-6095-field_2-container\" class=\"wpforms-field wpforms-field-phone\" data-field-id=\"2\"><label class=\"wpforms-field-label wpforms-label-hide\" for=\"wpforms-6095-field_2\" aria-hidden=\"false\">Tel\u00e9fono <span class=\"wpforms-required-label\" aria-hidden=\"true\">*<\/span><\/label><input type=\"tel\" id=\"wpforms-6095-field_2\" class=\"wpforms-field-large wpforms-field-required wpforms-smart-phone-field\" data-rule-smart-phone-field=\"true\" name=\"wpforms[fields][2]\" placeholder=\"Tel\u00e9fono\" aria-label=\"Tel\u00e9fono\" aria-errormessage=\"wpforms-6095-field_2-error\" required><\/div><div id=\"wpforms-6095-field_7-container\" class=\"wpforms-field wpforms-field-email\" data-field-id=\"7\"><label class=\"wpforms-field-label wpforms-label-hide\" for=\"wpforms-6095-field_7\" aria-hidden=\"false\">Correo electr\u00f3nico <span class=\"wpforms-required-label\" aria-hidden=\"true\">*<\/span><\/label><input type=\"email\" id=\"wpforms-6095-field_7\" class=\"wpforms-field-large wpforms-field-required\" name=\"wpforms[fields][7]\" placeholder=\"Correo electr\u00f3nico\" spellcheck=\"false\" aria-errormessage=\"wpforms-6095-field_7-error\" required><\/div><div id=\"wpforms-6095-field_15-container\" class=\"wpforms-field wpforms-field-text\" data-field-id=\"15\"><label class=\"wpforms-field-label wpforms-label-hide\" for=\"wpforms-6095-field_15\" aria-hidden=\"false\">Nombre de la empresa <span class=\"wpforms-required-label\" aria-hidden=\"true\">*<\/span><\/label><input type=\"text\" id=\"wpforms-6095-field_15\" class=\"wpforms-field-large wpforms-field-required\" name=\"wpforms[fields][15]\" placeholder=\"Nombre de la empresa\" aria-errormessage=\"wpforms-6095-field_15-error\" required><\/div><div id=\"wpforms-6095-field_8-container\" class=\"wpforms-field wpforms-field-select wpforms-field-select-style-modern\" data-field-id=\"8\"><label class=\"wpforms-field-label wpforms-label-hide\" for=\"wpforms-6095-field_8\" aria-hidden=\"false\">Posici\u00f3n <span class=\"wpforms-required-label\" aria-hidden=\"true\">*<\/span><\/label><select id=\"wpforms-6095-field_8\" class=\"wpforms-field-large wpforms-field-required choicesjs-select\" data-size-class=\"wpforms-field-row wpforms-field-large\" data-search-enabled=\"1\" name=\"wpforms[fields][8]\" required=\"required\"><option value=\"\" class=\"placeholder\" disabled  selected='selected'>Socio<\/option><option value=\"Socio\" >Socio<\/option><option value=\"CEO \/ Presidente\" >CEO \/ Presidente<\/option><option value=\"Director de Ventas\" >Director de Ventas<\/option><option value=\"Director de Marketing\" >Director de Marketing<\/option><option value=\"Director (otras \u00e1reas)\" >Director (otras \u00e1reas)<\/option><option value=\"Gerente de ventas\" >Gerente de ventas<\/option><option value=\"Coordinador de Ventas\" >Coordinador de Ventas<\/option><option value=\"Coordinador de Marketing\" >Coordinador de Marketing<\/option><option value=\"Coordinador (otras \u00e1reas)\" >Coordinador (otras \u00e1reas)<\/option><option value=\"Vendedor \/ Consultor de Ventas\" >Vendedor \/ Consultor de Ventas<\/option><option value=\"Analista \/ SDR \/ Sales Ops\" >Analista \/ SDR \/ Sales Ops<\/option><\/select><\/div><div id=\"wpforms-6095-field_10-container\" class=\"wpforms-field wpforms-field-select wpforms-field-select-style-modern\" data-field-id=\"10\"><label class=\"wpforms-field-label wpforms-label-hide\" for=\"wpforms-6095-field_10\" aria-hidden=\"false\">Tipo de empresa <span class=\"wpforms-required-label\" aria-hidden=\"true\">*<\/span><\/label><select id=\"wpforms-6095-field_10\" class=\"wpforms-field-large wpforms-field-required choicesjs-select\" data-size-class=\"wpforms-field-row wpforms-field-large\" data-search-enabled=\"\" name=\"wpforms[fields][10]\" required=\"required\"><option value=\"\" class=\"placeholder\" disabled  selected='selected'>B2B<\/option><option value=\"B2B\" >B2B<\/option><option value=\"B2C\" >B2C<\/option><option value=\"B2B2C\" >B2B2C<\/option><option value=\"B2B e B2C\" >B2B e B2C<\/option><\/select><\/div><div id=\"wpforms-6095-field_9-container\" class=\"wpforms-field wpforms-field-select wpforms-field-select-style-modern\" data-field-id=\"9\"><label class=\"wpforms-field-label wpforms-label-hide\" for=\"wpforms-6095-field_9\" aria-hidden=\"false\">Facturaci\u00f3n anual <span class=\"wpforms-required-label\" aria-hidden=\"true\">*<\/span><\/label><select id=\"wpforms-6095-field_9\" class=\"wpforms-field-large wpforms-field-required choicesjs-select\" data-size-class=\"wpforms-field-row wpforms-field-large\" data-search-enabled=\"\" name=\"wpforms[fields][9]\" required=\"required\"><option value=\"\" class=\"placeholder\" disabled  selected='selected'>Hasta 150 000\u20ac al a\u00f1o<\/option><option value=\"Hasta 150 000\u20ac al a\u00f1o\" >Hasta 150 000\u20ac al a\u00f1o<\/option><option value=\"150 000\u20ac - 300 000\u20ac al a\u00f1o\" >150 000\u20ac - 300 000\u20ac al a\u00f1o<\/option><option value=\"300 000\u20ac - 600 000\u20ac al a\u00f1o\" >300 000\u20ac - 600 000\u20ac al a\u00f1o<\/option><option value=\"600 000\u20ac - 1 000 000\u20ac al a\u00f1o\" >600 000\u20ac - 1 000 000\u20ac al a\u00f1o<\/option><option value=\"M\u00e1s de 1 000 000\u20ac al a\u00f1o\" >M\u00e1s de 1 000 000\u20ac al a\u00f1o<\/option><\/select><\/div><div id=\"wpforms-6095-field_11-container\" class=\"wpforms-field wpforms-field-select wpforms-field-select-style-modern\" data-field-id=\"11\"><label class=\"wpforms-field-label wpforms-label-hide\" for=\"wpforms-6095-field_11\" aria-hidden=\"false\">Desaf\u00edo de ventas? <span class=\"wpforms-required-label\" aria-hidden=\"true\">*<\/span><\/label><select id=\"wpforms-6095-field_11\" class=\"wpforms-field-large wpforms-field-required choicesjs-select\" data-size-class=\"wpforms-field-row wpforms-field-large\" data-search-enabled=\"\" name=\"wpforms[fields][11]\" required=\"required\"><option value=\"\" class=\"placeholder\" disabled  selected='selected'>No tengo un proceso<\/option><option value=\"No tengo un proceso\" >No tengo un proceso<\/option><option value=\"No tengo un modelo de gesti\u00f3n del equipo comercial\" >No tengo un modelo de gesti\u00f3n del equipo comercial<\/option><option value=\"No consigo generar demanda\" >No consigo generar demanda<\/option><option value=\"No consigo convertir la demanda generada en ventas\" >No consigo convertir la demanda generada en ventas<\/option><option value=\"Genero suficiente demanda pero la calidad es baja\" >Genero suficiente demanda pero la calidad es baja<\/option><\/select><\/div><div id=\"wpforms-6095-field_12-container\" class=\"wpforms-field wpforms-field-checkbox\" data-field-id=\"12\"><fieldset><legend class=\"wpforms-field-label wpforms-label-hide\" aria-hidden=\"false\">Consentimento <span class=\"wpforms-required-label\" aria-hidden=\"true\">*<\/span><\/legend><ul id=\"wpforms-6095-field_12\" class=\"wpforms-field-required\"><li class=\"choice-1 depth-1\"><input type=\"checkbox\" id=\"wpforms-6095-field_12_1\" name=\"wpforms[fields][12][]\" value=\"Doy mi consentimiento para el tratamiento de mis datos.  &lt;a href=&quot;https:\/\/salesgrowthmachine.io\/es\/condiciones-generales\/&quot; target=&quot;_blank&quot; style=&quot;font-size:14px; font-weight: 400;&quot;&gt;Consulte nuestros T\u00e9rminos y Condiciones&lt;\/a&gt;\" aria-errormessage=\"wpforms-6095-field_12_1-error\" required ><label class=\"wpforms-field-label-inline\" for=\"wpforms-6095-field_12_1\">Doy mi consentimiento para el tratamiento de mis datos.  <a href=\"https:\/\/salesgrowthmachine.io\/es\/condiciones-generales\/\" target=\"_blank\" style=\"font-size:14px;font-weight: 400\">Consulte nuestros T\u00e9rminos y Condiciones<\/a><\/label><\/li><\/ul><\/fieldset><\/div><div id=\"wpforms-6095-field_16-container\" class=\"wpforms-field wpforms-field-hidden\" data-field-id=\"16\"><input type=\"hidden\" id=\"wpforms-6095-field_16\" name=\"wpforms[fields][16]\" value=\"https:\/\/salesgrowthmachine.io\/es\/wp-json\/wp\/v2\/pages\/1471 \/ \"><\/div><\/div><!-- .wpforms-field-container --><div class=\"wpforms-submit-container\" ><input type=\"hidden\" name=\"wpforms[id]\" value=\"6095\"><input type=\"hidden\" name=\"page_title\" value=\"\"><input type=\"hidden\" name=\"page_url\" value=\"https:\/\/salesgrowthmachine.io\/es\/wp-json\/wp\/v2\/pages\/1471\"><button type=\"submit\" name=\"wpforms[submit]\" id=\"wpforms-submit-6095\" class=\"wpforms-submit sgm-button\" data-alt-text=\"Env\u00edo...\" data-submit-text=\"Enviar solicitud\" aria-live=\"assertive\" value=\"wpforms-submit\">Enviar solicitud<\/button><img decoding=\"async\" src=\"https:\/\/salesgrowthmachine.io\/wp-content\/plugins\/wpforms\/assets\/images\/submit-spin.svg\" class=\"wpforms-submit-spinner\" style=\"display: none;\" width=\"26\" height=\"26\" alt=\"Cargando\"><\/div><\/form><\/div>  <!-- .wpforms-container --><\/div>\n\t\t\t\t\t\t<\/div>\n\t\t\t\t\t<\/div>\n\t\t\t\t<\/div>\n\t\t\t\t<\/div>\n\t\t\t\t\t<\/div>\n\t\t\t\t<\/div>\n\t\t\t\t<\/div>\n\t\t","protected":false},"excerpt":{"rendered":"<p>An\u00e1lisis de datos y m\u00e9tricas En la era digital, el an\u00e1lisis de datos y m\u00e9tricas se ha convertido en algo esencial para cualquier estrategia de marketing de \u00e9xito. Utilizando informaci\u00f3n basada en datos, puedes optimizar todos los aspectos de tus campa\u00f1as, garantizando que no s\u00f3lo lleguen al p\u00fablico adecuado, sino que tambi\u00e9n generen resultados concretos [&hellip;]<\/p>\n","protected":false},"author":1,"featured_media":0,"parent":0,"menu_order":0,"comment_status":"closed","ping_status":"closed","template":"elementor_header_footer","meta":{"inline_featured_image":false,"footnotes":""},"class_list":["post-1471","page","type-page","status-publish","hentry"],"yoast_head":"<!-- This site is optimized with the Yoast SEO Premium plugin v24.6 (Yoast SEO v25.5) - https:\/\/yoast.com\/wordpress\/plugins\/seo\/ -->\n<title>An\u00e1lisis de datos y m\u00e9tricas - Growth Marketing<\/title>\n<meta name=\"robots\" content=\"index, follow, max-snippet:-1, max-image-preview:large, max-video-preview:-1\" \/>\n<link rel=\"canonical\" href=\"https:\/\/salesgrowthmachine.io\/es\/analisis-de-datos-y-metricas\/\" \/>\n<meta property=\"og:locale\" content=\"es_ES\" \/>\n<meta property=\"og:type\" content=\"article\" \/>\n<meta property=\"og:title\" content=\"An\u00e1lisis de datos y m\u00e9tricas\" \/>\n<meta property=\"og:description\" content=\"An\u00e1lisis de datos y m\u00e9tricas En la era digital, el an\u00e1lisis de datos y m\u00e9tricas se ha convertido en algo esencial para cualquier estrategia de marketing de \u00e9xito. Utilizando informaci\u00f3n basada en datos, puedes optimizar todos los aspectos de tus campa\u00f1as, garantizando que no s\u00f3lo lleguen al p\u00fablico adecuado, sino que tambi\u00e9n generen resultados concretos [&hellip;]\" \/>\n<meta property=\"og:url\" content=\"https:\/\/salesgrowthmachine.io\/es\/analisis-de-datos-y-metricas\/\" \/>\n<meta property=\"og:site_name\" content=\"Growth Marketing\" \/>\n<meta property=\"article:publisher\" content=\"https:\/\/www.facebook.com\/profile.php?id=61574198341591\" \/>\n<meta property=\"article:modified_time\" content=\"2025-03-12T15:55:13+00:00\" \/>\n<meta property=\"og:image\" content=\"https:\/\/salesgrowthmachine.io\/wp-content\/uploads\/2025\/01\/Banner-1-1600x130-Espanhol.png\" \/>\n<meta name=\"twitter:card\" content=\"summary_large_image\" \/>\n<meta name=\"twitter:label1\" content=\"Tiempo de lectura\" \/>\n\t<meta name=\"twitter:data1\" content=\"3 minutos\" \/>\n<script type=\"application\/ld+json\" class=\"yoast-schema-graph\">{\"@context\":\"https:\/\/schema.org\",\"@graph\":[{\"@type\":\"WebPage\",\"@id\":\"https:\/\/salesgrowthmachine.io\/es\/analisis-de-datos-y-metricas\/\",\"url\":\"https:\/\/salesgrowthmachine.io\/es\/analisis-de-datos-y-metricas\/\",\"name\":\"An\u00e1lisis de datos y m\u00e9tricas - Growth Marketing\",\"isPartOf\":{\"@id\":\"https:\/\/salesgrowthmachine.io\/es\/#website\"},\"primaryImageOfPage\":{\"@id\":\"https:\/\/salesgrowthmachine.io\/es\/analisis-de-datos-y-metricas\/#primaryimage\"},\"image\":{\"@id\":\"https:\/\/salesgrowthmachine.io\/es\/analisis-de-datos-y-metricas\/#primaryimage\"},\"thumbnailUrl\":\"https:\/\/salesgrowthmachine.io\/wp-content\/uploads\/2025\/01\/Banner-1-1600x130-Espanhol.png\",\"datePublished\":\"2024-12-26T17:44:24+00:00\",\"dateModified\":\"2025-03-12T15:55:13+00:00\",\"breadcrumb\":{\"@id\":\"https:\/\/salesgrowthmachine.io\/es\/analisis-de-datos-y-metricas\/#breadcrumb\"},\"inLanguage\":\"es\",\"potentialAction\":[{\"@type\":\"ReadAction\",\"target\":[\"https:\/\/salesgrowthmachine.io\/es\/analisis-de-datos-y-metricas\/\"]}]},{\"@type\":\"ImageObject\",\"inLanguage\":\"es\",\"@id\":\"https:\/\/salesgrowthmachine.io\/es\/analisis-de-datos-y-metricas\/#primaryimage\",\"url\":\"https:\/\/salesgrowthmachine.io\/wp-content\/uploads\/2025\/01\/Banner-1-1600x130-Espanhol.png\",\"contentUrl\":\"https:\/\/salesgrowthmachine.io\/wp-content\/uploads\/2025\/01\/Banner-1-1600x130-Espanhol.png\"},{\"@type\":\"BreadcrumbList\",\"@id\":\"https:\/\/salesgrowthmachine.io\/es\/analisis-de-datos-y-metricas\/#breadcrumb\",\"itemListElement\":[{\"@type\":\"ListItem\",\"position\":1,\"name\":\"In\u00edcio\",\"item\":\"https:\/\/salesgrowthmachine.io\/es\/\"},{\"@type\":\"ListItem\",\"position\":2,\"name\":\"An\u00e1lisis de datos y m\u00e9tricas\"}]},{\"@type\":\"WebSite\",\"@id\":\"https:\/\/salesgrowthmachine.io\/es\/#website\",\"url\":\"https:\/\/salesgrowthmachine.io\/es\/\",\"name\":\"Sales Growth Machine\",\"description\":\"Potencie o Crescimento do Seu Neg\u00f3cio com Growth Marketing\",\"publisher\":{\"@id\":\"https:\/\/salesgrowthmachine.io\/es\/#organization\"},\"potentialAction\":[{\"@type\":\"SearchAction\",\"target\":{\"@type\":\"EntryPoint\",\"urlTemplate\":\"https:\/\/salesgrowthmachine.io\/es\/?s={search_term_string}\"},\"query-input\":{\"@type\":\"PropertyValueSpecification\",\"valueRequired\":true,\"valueName\":\"search_term_string\"}}],\"inLanguage\":\"es\"},{\"@type\":\"Organization\",\"@id\":\"https:\/\/salesgrowthmachine.io\/es\/#organization\",\"name\":\"BESEEN DIGITAL MARKETING UNIPESSOAL LDA\",\"url\":\"https:\/\/salesgrowthmachine.io\/es\/\",\"logo\":{\"@type\":\"ImageObject\",\"inLanguage\":\"es\",\"@id\":\"https:\/\/salesgrowthmachine.io\/es\/#\/schema\/logo\/image\/\",\"url\":\"https:\/\/salesgrowthmachine.io\/wp-content\/uploads\/2025\/03\/Horizontal-Sales-Growth-Machines-preto-1.png\",\"contentUrl\":\"https:\/\/salesgrowthmachine.io\/wp-content\/uploads\/2025\/03\/Horizontal-Sales-Growth-Machines-preto-1.png\",\"width\":1,\"height\":1,\"caption\":\"BESEEN DIGITAL MARKETING UNIPESSOAL LDA\"},\"image\":{\"@id\":\"https:\/\/salesgrowthmachine.io\/es\/#\/schema\/logo\/image\/\"},\"sameAs\":[\"https:\/\/www.facebook.com\/profile.php?id=61574198341591\"]}]}<\/script>\n<!-- \/ Yoast SEO Premium plugin. -->","yoast_head_json":{"title":"An\u00e1lisis de datos y m\u00e9tricas - Growth Marketing","robots":{"index":"index","follow":"follow","max-snippet":"max-snippet:-1","max-image-preview":"max-image-preview:large","max-video-preview":"max-video-preview:-1"},"canonical":"https:\/\/salesgrowthmachine.io\/es\/analisis-de-datos-y-metricas\/","og_locale":"es_ES","og_type":"article","og_title":"An\u00e1lisis de datos y m\u00e9tricas","og_description":"An\u00e1lisis de datos y m\u00e9tricas En la era digital, el an\u00e1lisis de datos y m\u00e9tricas se ha convertido en algo esencial para cualquier estrategia de marketing de \u00e9xito. Utilizando informaci\u00f3n basada en datos, puedes optimizar todos los aspectos de tus campa\u00f1as, garantizando que no s\u00f3lo lleguen al p\u00fablico adecuado, sino que tambi\u00e9n generen resultados concretos [&hellip;]","og_url":"https:\/\/salesgrowthmachine.io\/es\/analisis-de-datos-y-metricas\/","og_site_name":"Growth Marketing","article_publisher":"https:\/\/www.facebook.com\/profile.php?id=61574198341591","article_modified_time":"2025-03-12T15:55:13+00:00","og_image":[{"url":"https:\/\/salesgrowthmachine.io\/wp-content\/uploads\/2025\/01\/Banner-1-1600x130-Espanhol.png","type":"","width":"","height":""}],"twitter_card":"summary_large_image","twitter_misc":{"Tiempo de lectura":"3 minutos"},"schema":{"@context":"https:\/\/schema.org","@graph":[{"@type":"WebPage","@id":"https:\/\/salesgrowthmachine.io\/es\/analisis-de-datos-y-metricas\/","url":"https:\/\/salesgrowthmachine.io\/es\/analisis-de-datos-y-metricas\/","name":"An\u00e1lisis de datos y m\u00e9tricas - Growth Marketing","isPartOf":{"@id":"https:\/\/salesgrowthmachine.io\/es\/#website"},"primaryImageOfPage":{"@id":"https:\/\/salesgrowthmachine.io\/es\/analisis-de-datos-y-metricas\/#primaryimage"},"image":{"@id":"https:\/\/salesgrowthmachine.io\/es\/analisis-de-datos-y-metricas\/#primaryimage"},"thumbnailUrl":"https:\/\/salesgrowthmachine.io\/wp-content\/uploads\/2025\/01\/Banner-1-1600x130-Espanhol.png","datePublished":"2024-12-26T17:44:24+00:00","dateModified":"2025-03-12T15:55:13+00:00","breadcrumb":{"@id":"https:\/\/salesgrowthmachine.io\/es\/analisis-de-datos-y-metricas\/#breadcrumb"},"inLanguage":"es","potentialAction":[{"@type":"ReadAction","target":["https:\/\/salesgrowthmachine.io\/es\/analisis-de-datos-y-metricas\/"]}]},{"@type":"ImageObject","inLanguage":"es","@id":"https:\/\/salesgrowthmachine.io\/es\/analisis-de-datos-y-metricas\/#primaryimage","url":"https:\/\/salesgrowthmachine.io\/wp-content\/uploads\/2025\/01\/Banner-1-1600x130-Espanhol.png","contentUrl":"https:\/\/salesgrowthmachine.io\/wp-content\/uploads\/2025\/01\/Banner-1-1600x130-Espanhol.png"},{"@type":"BreadcrumbList","@id":"https:\/\/salesgrowthmachine.io\/es\/analisis-de-datos-y-metricas\/#breadcrumb","itemListElement":[{"@type":"ListItem","position":1,"name":"In\u00edcio","item":"https:\/\/salesgrowthmachine.io\/es\/"},{"@type":"ListItem","position":2,"name":"An\u00e1lisis de datos y m\u00e9tricas"}]},{"@type":"WebSite","@id":"https:\/\/salesgrowthmachine.io\/es\/#website","url":"https:\/\/salesgrowthmachine.io\/es\/","name":"Sales Growth Machine","description":"Potencie o Crescimento do Seu Neg\u00f3cio com Growth Marketing","publisher":{"@id":"https:\/\/salesgrowthmachine.io\/es\/#organization"},"potentialAction":[{"@type":"SearchAction","target":{"@type":"EntryPoint","urlTemplate":"https:\/\/salesgrowthmachine.io\/es\/?s={search_term_string}"},"query-input":{"@type":"PropertyValueSpecification","valueRequired":true,"valueName":"search_term_string"}}],"inLanguage":"es"},{"@type":"Organization","@id":"https:\/\/salesgrowthmachine.io\/es\/#organization","name":"BESEEN DIGITAL MARKETING UNIPESSOAL LDA","url":"https:\/\/salesgrowthmachine.io\/es\/","logo":{"@type":"ImageObject","inLanguage":"es","@id":"https:\/\/salesgrowthmachine.io\/es\/#\/schema\/logo\/image\/","url":"https:\/\/salesgrowthmachine.io\/wp-content\/uploads\/2025\/03\/Horizontal-Sales-Growth-Machines-preto-1.png","contentUrl":"https:\/\/salesgrowthmachine.io\/wp-content\/uploads\/2025\/03\/Horizontal-Sales-Growth-Machines-preto-1.png","width":1,"height":1,"caption":"BESEEN DIGITAL MARKETING UNIPESSOAL LDA"},"image":{"@id":"https:\/\/salesgrowthmachine.io\/es\/#\/schema\/logo\/image\/"},"sameAs":["https:\/\/www.facebook.com\/profile.php?id=61574198341591"]}]}},"_links":{"self":[{"href":"https:\/\/salesgrowthmachine.io\/es\/wp-json\/wp\/v2\/pages\/1471","targetHints":{"allow":["GET"]}}],"collection":[{"href":"https:\/\/salesgrowthmachine.io\/es\/wp-json\/wp\/v2\/pages"}],"about":[{"href":"https:\/\/salesgrowthmachine.io\/es\/wp-json\/wp\/v2\/types\/page"}],"author":[{"embeddable":true,"href":"https:\/\/salesgrowthmachine.io\/es\/wp-json\/wp\/v2\/users\/1"}],"replies":[{"embeddable":true,"href":"https:\/\/salesgrowthmachine.io\/es\/wp-json\/wp\/v2\/comments?post=1471"}],"version-history":[{"count":0,"href":"https:\/\/salesgrowthmachine.io\/es\/wp-json\/wp\/v2\/pages\/1471\/revisions"}],"wp:attachment":[{"href":"https:\/\/salesgrowthmachine.io\/es\/wp-json\/wp\/v2\/media?parent=1471"}],"curies":[{"name":"wp","href":"https:\/\/api.w.org\/{rel}","templated":true}]}}