{"id":1382,"date":"2024-12-26T16:34:51","date_gmt":"2024-12-26T16:34:51","guid":{"rendered":"https:\/\/salesgrowthmachine.io\/contactos\/"},"modified":"2025-03-18T12:22:12","modified_gmt":"2025-03-18T12:22:12","slug":"contactos","status":"publish","type":"page","link":"https:\/\/salesgrowthmachine.io\/pt-br\/contactos\/","title":{"rendered":"Contactos"},"content":{"rendered":"\t\t<div data-elementor-type=\"wp-page\" data-elementor-id=\"1382\" class=\"elementor elementor-1382 elementor-580\" data-elementor-post-type=\"page\">\n\t\t\t\t<div class=\"elementor-element elementor-element-63610dfe e-flex e-con-boxed e-con e-parent\" data-id=\"63610dfe\" data-element_type=\"container\" data-settings=\"{&quot;background_background&quot;:&quot;gradient&quot;}\">\n\t\t\t\t\t<div class=\"e-con-inner\">\n\t\t\t\t<div class=\"elementor-element elementor-element-239465d0 elementor-widget elementor-widget-heading\" data-id=\"239465d0\" data-element_type=\"widget\" data-widget_type=\"heading.default\">\n\t\t\t\t\t<h1 class=\"elementor-heading-title elementor-size-default\">Contact Us<\/h1>\t\t\t\t<\/div>\n\t\t\t\t\t<\/div>\n\t\t\t\t<\/div>\n\t\t<div class=\"elementor-element elementor-element-ec0ba79 e-flex e-con-boxed e-con e-parent\" data-id=\"ec0ba79\" data-element_type=\"container\">\n\t\t\t\t\t<div class=\"e-con-inner\">\n\t\t<div class=\"elementor-element elementor-element-680b06f7 e-con-full e-flex e-con e-child\" data-id=\"680b06f7\" data-element_type=\"container\">\n\t\t\t\t<div class=\"elementor-element elementor-element-220d6d06 elementor-widget elementor-widget-heading\" data-id=\"220d6d06\" data-element_type=\"widget\" data-widget_type=\"heading.default\">\n\t\t\t\t\t<h6 class=\"elementor-heading-title elementor-size-default\">VAMOS ENTRAR EM CONTATO<\/h6>\t\t\t\t<\/div>\n\t\t\t\t<div class=\"elementor-element elementor-element-5decd48 elementor-widget elementor-widget-heading\" data-id=\"5decd48\" data-element_type=\"widget\" data-widget_type=\"heading.default\">\n\t\t\t\t\t<h2 class=\"elementor-heading-title elementor-size-default\">Sinta-se \u00e0 vontade para <b style=\"color:#3373ec\">Entrar em contato<\/b> conosco e pedir informa\u00e7\u00f5es!<\/h2>\t\t\t\t<\/div>\n\t\t\t\t<div class=\"elementor-element elementor-element-3ed34df elementor-widget elementor-widget-text-editor\" data-id=\"3ed34df\" data-element_type=\"widget\" data-widget_type=\"text-editor.default\">\n\t\t\t\t\t\t\t\t\tPreencha o formul\u00e1rio com a sua d\u00favia e em breve um dos nossos consultores ir\u00e1 entrar em contacto consigo para lhe ajudar.\t\t\t\t\t\t\t\t<\/div>\n\t\t<div class=\"elementor-element elementor-element-d180ab1 e-con-full e-flex e-con e-child\" data-id=\"d180ab1\" data-element_type=\"container\">\n\t\t\t\t<div class=\"elementor-element elementor-element-d42b0c1 elementor-widget elementor-widget-image\" data-id=\"d42b0c1\" data-element_type=\"widget\" data-widget_type=\"image.default\">\n\t\t\t\t\t\t\t\t\t\t\t\t\t\t\t<img fetchpriority=\"high\" decoding=\"async\" width=\"400\" height=\"400\" src=\"https:\/\/salesgrowthmachine.io\/wp-content\/uploads\/2025\/03\/Lisboa.png\" class=\"attachment-full size-full wp-image-7356\" alt=\"\" srcset=\"https:\/\/salesgrowthmachine.io\/wp-content\/uploads\/2025\/03\/Lisboa.png 400w, https:\/\/salesgrowthmachine.io\/wp-content\/uploads\/2025\/03\/Lisboa-300x300.png 300w, https:\/\/salesgrowthmachine.io\/wp-content\/uploads\/2025\/03\/Lisboa-150x150.png 150w\" sizes=\"(max-width: 400px) 100vw, 400px\" \/>\t\t\t\t\t\t\t\t\t\t\t\t\t\t\t<\/div>\n\t\t\t\t<div class=\"elementor-element elementor-element-5d293eb elementor-widget elementor-widget-image\" data-id=\"5d293eb\" data-element_type=\"widget\" data-widget_type=\"image.default\">\n\t\t\t\t\t\t\t\t\t\t\t\t\t\t\t<img decoding=\"async\" width=\"400\" height=\"400\" src=\"https:\/\/salesgrowthmachine.io\/wp-content\/uploads\/2025\/03\/Porto.png\" class=\"attachment-full size-full wp-image-7364\" alt=\"\" srcset=\"https:\/\/salesgrowthmachine.io\/wp-content\/uploads\/2025\/03\/Porto.png 400w, https:\/\/salesgrowthmachine.io\/wp-content\/uploads\/2025\/03\/Porto-300x300.png 300w, https:\/\/salesgrowthmachine.io\/wp-content\/uploads\/2025\/03\/Porto-150x150.png 150w\" sizes=\"(max-width: 400px) 100vw, 400px\" \/>\t\t\t\t\t\t\t\t\t\t\t\t\t\t\t<\/div>\n\t\t\t\t<div class=\"elementor-element elementor-element-80ac701 elementor-widget elementor-widget-image\" data-id=\"80ac701\" data-element_type=\"widget\" data-widget_type=\"image.default\">\n\t\t\t\t\t\t\t\t\t\t\t\t\t\t\t<img decoding=\"async\" width=\"400\" height=\"400\" src=\"https:\/\/salesgrowthmachine.io\/wp-content\/uploads\/2025\/03\/Sao-Paulo.png\" class=\"attachment-full size-full wp-image-7372\" alt=\"\" srcset=\"https:\/\/salesgrowthmachine.io\/wp-content\/uploads\/2025\/03\/Sao-Paulo.png 400w, https:\/\/salesgrowthmachine.io\/wp-content\/uploads\/2025\/03\/Sao-Paulo-300x300.png 300w, https:\/\/salesgrowthmachine.io\/wp-content\/uploads\/2025\/03\/Sao-Paulo-150x150.png 150w\" sizes=\"(max-width: 400px) 100vw, 400px\" \/>\t\t\t\t\t\t\t\t\t\t\t\t\t\t\t<\/div>\n\t\t\t\t<div class=\"elementor-element elementor-element-5ee1e30 elementor-widget elementor-widget-image\" data-id=\"5ee1e30\" data-element_type=\"widget\" data-widget_type=\"image.default\">\n\t\t\t\t\t\t\t\t\t\t\t\t\t\t\t<img loading=\"lazy\" decoding=\"async\" width=\"400\" height=\"400\" src=\"https:\/\/salesgrowthmachine.io\/wp-content\/uploads\/2025\/03\/Miami.png\" class=\"attachment-full size-full wp-image-7380\" alt=\"\" srcset=\"https:\/\/salesgrowthmachine.io\/wp-content\/uploads\/2025\/03\/Miami.png 400w, https:\/\/salesgrowthmachine.io\/wp-content\/uploads\/2025\/03\/Miami-300x300.png 300w, https:\/\/salesgrowthmachine.io\/wp-content\/uploads\/2025\/03\/Miami-150x150.png 150w\" sizes=\"(max-width: 400px) 100vw, 400px\" \/>\t\t\t\t\t\t\t\t\t\t\t\t\t\t\t<\/div>\n\t\t\t\t<\/div>\n\t\t\t\t<\/div>\n\t\t<div class=\"elementor-element elementor-element-458ada0f e-con-full e-flex e-con e-child\" data-id=\"458ada0f\" data-element_type=\"container\" data-settings=\"{&quot;background_background&quot;:&quot;classic&quot;}\">\n\t\t\t\t<div class=\"elementor-element elementor-element-4088c35 elementor-widget elementor-widget-shortcode\" data-id=\"4088c35\" data-element_type=\"widget\" data-widget_type=\"shortcode.default\">\n\t\t\t\t\t\t\t<div class=\"elementor-shortcode\"><div class=\"wpforms-container wpforms-container-full wpforms-render-modern\" id=\"wpforms-6186\"><form id=\"wpforms-form-6186\" class=\"wpforms-validate wpforms-form wpforms-ajax-form\" data-formid=\"6186\" method=\"post\" enctype=\"multipart\/form-data\" action=\"\/pt-br\/wp-json\/wp\/v2\/pages\/1382?doing_wp_cron=1775470258.5698239803314208984375\" data-token=\"e09c6054b9f08816f35532e991cdc64e\" data-token-time=\"1775470259\"><noscript class=\"wpforms-error-noscript\">Ative o JavaScript no seu navegador para preencher este formul\u00e1rio.<\/noscript><div class=\"wpforms-hidden\" id=\"wpforms-error-noscript\">Ative o JavaScript no seu navegador para preencher este formul\u00e1rio.<\/div><div class=\"wpforms-field-container\"><div id=\"wpforms-6186-field_13-container\" class=\"wpforms-field wpforms-field-layout\" data-field-id=\"13\"><div class=\"wpforms-field-layout-rows wpforms-field-large\"><div class=\"wpforms-layout-row\"><div class=\"wpforms-layout-column wpforms-layout-column-50\"><div id=\"wpforms-6186-field_1-container\" class=\"wpforms-field wpforms-field-text\" data-field-id=\"1\"><label class=\"wpforms-field-label\" for=\"wpforms-6186-field_1\">Nome <span class=\"wpforms-required-label\" aria-hidden=\"true\">*<\/span><\/label><input type=\"text\" id=\"wpforms-6186-field_1\" class=\"wpforms-field-large wpforms-field-required\" name=\"wpforms[fields][1]\" aria-errormessage=\"wpforms-6186-field_1-error\" required><\/div><\/div><div class=\"wpforms-layout-column wpforms-layout-column-50\"><div id=\"wpforms-6186-field_2-container\" class=\"wpforms-field wpforms-field-phone\" data-field-id=\"2\"><label class=\"wpforms-field-label\" for=\"wpforms-6186-field_2\">Telefone <span class=\"wpforms-required-label\" aria-hidden=\"true\">*<\/span><\/label><input type=\"tel\" id=\"wpforms-6186-field_2\" class=\"wpforms-field-large wpforms-field-required wpforms-smart-phone-field\" data-rule-smart-phone-field=\"true\" name=\"wpforms[fields][2]\" aria-label=\"Telefone\" aria-errormessage=\"wpforms-6186-field_2-error\" required><\/div><\/div><\/div><div class=\"wpforms-layout-row\"><div class=\"wpforms-layout-column wpforms-layout-column-50\"><div id=\"wpforms-6186-field_7-container\" class=\"wpforms-field wpforms-field-email\" data-field-id=\"7\"><label class=\"wpforms-field-label\" for=\"wpforms-6186-field_7\">Email <span class=\"wpforms-required-label\" aria-hidden=\"true\">*<\/span><\/label><input type=\"email\" id=\"wpforms-6186-field_7\" class=\"wpforms-field-large wpforms-field-required\" name=\"wpforms[fields][7]\" spellcheck=\"false\" aria-errormessage=\"wpforms-6186-field_7-error\" required><\/div><\/div><div class=\"wpforms-layout-column wpforms-layout-column-50\"><div id=\"wpforms-6186-field_15-container\" class=\"wpforms-field wpforms-field-text\" data-field-id=\"15\"><label class=\"wpforms-field-label\" for=\"wpforms-6186-field_15\">Empresa <span class=\"wpforms-required-label\" aria-hidden=\"true\">*<\/span><\/label><input type=\"text\" id=\"wpforms-6186-field_15\" class=\"wpforms-field-large wpforms-field-required\" name=\"wpforms[fields][15]\" aria-errormessage=\"wpforms-6186-field_15-error\" required><\/div><\/div><\/div><\/div><\/div><div id=\"wpforms-6186-field_16-container\" class=\"wpforms-field wpforms-field-textarea\" data-field-id=\"16\"><label class=\"wpforms-field-label\" for=\"wpforms-6186-field_16\">Qual \u00e9 a sua d\u00favida?<\/label><textarea id=\"wpforms-6186-field_16\" class=\"wpforms-field-medium\" name=\"wpforms[fields][16]\" aria-errormessage=\"wpforms-6186-field_16-error\" ><\/textarea><\/div><div id=\"wpforms-6186-field_12-container\" class=\"wpforms-field wpforms-field-checkbox\" data-field-id=\"12\"><fieldset><legend class=\"wpforms-field-label wpforms-label-hide\" aria-hidden=\"false\">Consentimento <span class=\"wpforms-required-label\" aria-hidden=\"true\">*<\/span><\/legend><ul id=\"wpforms-6186-field_12\" class=\"wpforms-field-required\"><li class=\"choice-1 depth-1\"><input type=\"checkbox\" id=\"wpforms-6186-field_12_1\" name=\"wpforms[fields][12][]\" value=\"Dou consentimento para o tratamento dos meus dados.   &lt;a href=&quot;https:\/\/salesgrowthmachine.io\/br-pt\/termos-e-condicoes\/&quot; target=&quot;_blank&quot; style=&quot;font-size:14px; font-weight: 400;&quot;&gt;Veja os nossos Termos e Condi\u00e7\u00f5es&lt;\/a&gt;\" aria-errormessage=\"wpforms-6186-field_12_1-error\" required ><label class=\"wpforms-field-label-inline\" for=\"wpforms-6186-field_12_1\">Dou consentimento para o tratamento dos meus dados.   <a href=\"https:\/\/salesgrowthmachine.io\/br-pt\/termos-e-condicoes\/\" target=\"_blank\" style=\"font-size:14px;font-weight: 400\">Veja os nossos Termos e Condi\u00e7\u00f5es<\/a><\/label><\/li><\/ul><\/fieldset><\/div><div id=\"wpforms-6186-field_17-container\" class=\"wpforms-field wpforms-field-hidden\" data-field-id=\"17\"><input type=\"hidden\" id=\"wpforms-6186-field_17\" name=\"wpforms[fields][17]\" value=\"https:\/\/salesgrowthmachine.io\/pt-br\/wp-json\/wp\/v2\/pages\/1382?doing_wp_cron=1775470258.5698239803314208984375 \/ https:\/\/salesgrowthmachine.io\/pt-br\/wp-json\/wp\/v2\/pages\/1382\"><\/div><\/div><!-- .wpforms-field-container --><div class=\"wpforms-submit-container\" ><input type=\"hidden\" name=\"wpforms[id]\" value=\"6186\"><input type=\"hidden\" name=\"page_title\" value=\"\"><input type=\"hidden\" name=\"page_url\" value=\"https:\/\/salesgrowthmachine.io\/pt-br\/wp-json\/wp\/v2\/pages\/1382?doing_wp_cron=1775470258.5698239803314208984375\"><button type=\"submit\" name=\"wpforms[submit]\" id=\"wpforms-submit-6186\" class=\"wpforms-submit sgm-button\" data-alt-text=\"Enviando...\" data-submit-text=\"Enviar Solicita\u00e7\u00e3o\" aria-live=\"assertive\" value=\"wpforms-submit\">Enviar Solicita\u00e7\u00e3o<\/button><img loading=\"lazy\" decoding=\"async\" src=\"https:\/\/salesgrowthmachine.io\/wp-content\/plugins\/wpforms\/assets\/images\/submit-spin.svg\" class=\"wpforms-submit-spinner\" style=\"display: none;\" width=\"26\" height=\"26\" alt=\"Carregando\"><\/div><\/form><\/div>  <!-- .wpforms-container --><\/div>\n\t\t\t\t\t\t<\/div>\n\t\t\t\t<\/div>\n\t\t\t\t\t<\/div>\n\t\t\t\t<\/div>\n\t\t\t\t<\/div>\n\t\t","protected":false},"excerpt":{"rendered":"<p>Contact Us VAMOS ENTRAR EM CONTATO Sinta-se \u00e0 vontade para Entrar em contato conosco e pedir informa\u00e7\u00f5es! Preencha o formul\u00e1rio com a sua d\u00favia e em breve um dos nossos consultores ir\u00e1 entrar em contacto consigo para lhe ajudar.<\/p>\n","protected":false},"author":1,"featured_media":0,"parent":0,"menu_order":0,"comment_status":"closed","ping_status":"closed","template":"elementor_header_footer","meta":{"inline_featured_image":false,"footnotes":""},"class_list":["post-1382","page","type-page","status-publish","hentry"],"yoast_head":"<!-- This site is optimized with the Yoast SEO Premium plugin v24.6 (Yoast SEO v25.5) - https:\/\/yoast.com\/wordpress\/plugins\/seo\/ -->\n<title>Contactos - Growth Marketing<\/title>\n<meta name=\"robots\" content=\"index, follow, max-snippet:-1, max-image-preview:large, max-video-preview:-1\" \/>\n<link rel=\"canonical\" href=\"https:\/\/salesgrowthmachine.io\/pt-br\/contactos\/\" \/>\n<meta property=\"og:locale\" content=\"pt_BR\" \/>\n<meta property=\"og:type\" content=\"article\" \/>\n<meta property=\"og:title\" content=\"Contactos\" \/>\n<meta property=\"og:description\" content=\"Contact Us VAMOS ENTRAR EM CONTATO Sinta-se \u00e0 vontade para Entrar em contato conosco e pedir informa\u00e7\u00f5es! Preencha o formul\u00e1rio com a sua d\u00favia e em breve um dos nossos consultores ir\u00e1 entrar em contacto consigo para lhe ajudar.\" \/>\n<meta property=\"og:url\" content=\"https:\/\/salesgrowthmachine.io\/pt-br\/contactos\/\" \/>\n<meta property=\"og:site_name\" content=\"Growth Marketing\" \/>\n<meta property=\"article:publisher\" content=\"https:\/\/www.facebook.com\/profile.php?id=61574198341591\" \/>\n<meta property=\"article:modified_time\" content=\"2025-03-18T12:22:12+00:00\" \/>\n<meta property=\"og:image\" content=\"https:\/\/salesgrowthmachine.io\/wp-content\/uploads\/2025\/03\/Lisboa.png\" \/>\n<meta name=\"twitter:card\" content=\"summary_large_image\" \/>\n<meta name=\"twitter:label1\" content=\"Est. tempo de leitura\" \/>\n\t<meta name=\"twitter:data1\" content=\"1 minuto\" \/>\n<script type=\"application\/ld+json\" class=\"yoast-schema-graph\">{\"@context\":\"https:\/\/schema.org\",\"@graph\":[{\"@type\":\"WebPage\",\"@id\":\"https:\/\/salesgrowthmachine.io\/pt-br\/contactos\/\",\"url\":\"https:\/\/salesgrowthmachine.io\/pt-br\/contactos\/\",\"name\":\"Contactos - Growth Marketing\",\"isPartOf\":{\"@id\":\"https:\/\/salesgrowthmachine.io\/pt-br\/#website\"},\"primaryImageOfPage\":{\"@id\":\"https:\/\/salesgrowthmachine.io\/pt-br\/contactos\/#primaryimage\"},\"image\":{\"@id\":\"https:\/\/salesgrowthmachine.io\/pt-br\/contactos\/#primaryimage\"},\"thumbnailUrl\":\"https:\/\/salesgrowthmachine.io\/wp-content\/uploads\/2025\/03\/Lisboa.png\",\"datePublished\":\"2024-12-26T16:34:51+00:00\",\"dateModified\":\"2025-03-18T12:22:12+00:00\",\"breadcrumb\":{\"@id\":\"https:\/\/salesgrowthmachine.io\/pt-br\/contactos\/#breadcrumb\"},\"inLanguage\":\"pt-BR\",\"potentialAction\":[{\"@type\":\"ReadAction\",\"target\":[\"https:\/\/salesgrowthmachine.io\/pt-br\/contactos\/\"]}]},{\"@type\":\"ImageObject\",\"inLanguage\":\"pt-BR\",\"@id\":\"https:\/\/salesgrowthmachine.io\/pt-br\/contactos\/#primaryimage\",\"url\":\"https:\/\/salesgrowthmachine.io\/wp-content\/uploads\/2025\/03\/Lisboa.png\",\"contentUrl\":\"https:\/\/salesgrowthmachine.io\/wp-content\/uploads\/2025\/03\/Lisboa.png\"},{\"@type\":\"BreadcrumbList\",\"@id\":\"https:\/\/salesgrowthmachine.io\/pt-br\/contactos\/#breadcrumb\",\"itemListElement\":[{\"@type\":\"ListItem\",\"position\":1,\"name\":\"In\u00edcio\",\"item\":\"https:\/\/salesgrowthmachine.io\/pt-br\/\"},{\"@type\":\"ListItem\",\"position\":2,\"name\":\"Contactos\"}]},{\"@type\":\"WebSite\",\"@id\":\"https:\/\/salesgrowthmachine.io\/pt-br\/#website\",\"url\":\"https:\/\/salesgrowthmachine.io\/pt-br\/\",\"name\":\"Sales Growth Machine\",\"description\":\"Potencie o Crescimento do Seu Neg\u00f3cio com Growth Marketing\",\"publisher\":{\"@id\":\"https:\/\/salesgrowthmachine.io\/pt-br\/#organization\"},\"potentialAction\":[{\"@type\":\"SearchAction\",\"target\":{\"@type\":\"EntryPoint\",\"urlTemplate\":\"https:\/\/salesgrowthmachine.io\/pt-br\/?s={search_term_string}\"},\"query-input\":{\"@type\":\"PropertyValueSpecification\",\"valueRequired\":true,\"valueName\":\"search_term_string\"}}],\"inLanguage\":\"pt-BR\"},{\"@type\":\"Organization\",\"@id\":\"https:\/\/salesgrowthmachine.io\/pt-br\/#organization\",\"name\":\"BESEEN DIGITAL MARKETING UNIPESSOAL LDA\",\"url\":\"https:\/\/salesgrowthmachine.io\/pt-br\/\",\"logo\":{\"@type\":\"ImageObject\",\"inLanguage\":\"pt-BR\",\"@id\":\"https:\/\/salesgrowthmachine.io\/pt-br\/#\/schema\/logo\/image\/\",\"url\":\"https:\/\/salesgrowthmachine.io\/wp-content\/uploads\/2025\/03\/Horizontal-Sales-Growth-Machines-preto-1.png\",\"contentUrl\":\"https:\/\/salesgrowthmachine.io\/wp-content\/uploads\/2025\/03\/Horizontal-Sales-Growth-Machines-preto-1.png\",\"width\":1,\"height\":1,\"caption\":\"BESEEN DIGITAL MARKETING UNIPESSOAL LDA\"},\"image\":{\"@id\":\"https:\/\/salesgrowthmachine.io\/pt-br\/#\/schema\/logo\/image\/\"},\"sameAs\":[\"https:\/\/www.facebook.com\/profile.php?id=61574198341591\"]}]}<\/script>\n<!-- \/ Yoast SEO Premium plugin. -->","yoast_head_json":{"title":"Contactos - Growth Marketing","robots":{"index":"index","follow":"follow","max-snippet":"max-snippet:-1","max-image-preview":"max-image-preview:large","max-video-preview":"max-video-preview:-1"},"canonical":"https:\/\/salesgrowthmachine.io\/pt-br\/contactos\/","og_locale":"pt_BR","og_type":"article","og_title":"Contactos","og_description":"Contact Us VAMOS ENTRAR EM CONTATO Sinta-se \u00e0 vontade para Entrar em contato conosco e pedir informa\u00e7\u00f5es! Preencha o formul\u00e1rio com a sua d\u00favia e em breve um dos nossos consultores ir\u00e1 entrar em contacto consigo para lhe ajudar.","og_url":"https:\/\/salesgrowthmachine.io\/pt-br\/contactos\/","og_site_name":"Growth Marketing","article_publisher":"https:\/\/www.facebook.com\/profile.php?id=61574198341591","article_modified_time":"2025-03-18T12:22:12+00:00","og_image":[{"url":"https:\/\/salesgrowthmachine.io\/wp-content\/uploads\/2025\/03\/Lisboa.png","type":"","width":"","height":""}],"twitter_card":"summary_large_image","twitter_misc":{"Est. tempo de leitura":"1 minuto"},"schema":{"@context":"https:\/\/schema.org","@graph":[{"@type":"WebPage","@id":"https:\/\/salesgrowthmachine.io\/pt-br\/contactos\/","url":"https:\/\/salesgrowthmachine.io\/pt-br\/contactos\/","name":"Contactos - Growth Marketing","isPartOf":{"@id":"https:\/\/salesgrowthmachine.io\/pt-br\/#website"},"primaryImageOfPage":{"@id":"https:\/\/salesgrowthmachine.io\/pt-br\/contactos\/#primaryimage"},"image":{"@id":"https:\/\/salesgrowthmachine.io\/pt-br\/contactos\/#primaryimage"},"thumbnailUrl":"https:\/\/salesgrowthmachine.io\/wp-content\/uploads\/2025\/03\/Lisboa.png","datePublished":"2024-12-26T16:34:51+00:00","dateModified":"2025-03-18T12:22:12+00:00","breadcrumb":{"@id":"https:\/\/salesgrowthmachine.io\/pt-br\/contactos\/#breadcrumb"},"inLanguage":"pt-BR","potentialAction":[{"@type":"ReadAction","target":["https:\/\/salesgrowthmachine.io\/pt-br\/contactos\/"]}]},{"@type":"ImageObject","inLanguage":"pt-BR","@id":"https:\/\/salesgrowthmachine.io\/pt-br\/contactos\/#primaryimage","url":"https:\/\/salesgrowthmachine.io\/wp-content\/uploads\/2025\/03\/Lisboa.png","contentUrl":"https:\/\/salesgrowthmachine.io\/wp-content\/uploads\/2025\/03\/Lisboa.png"},{"@type":"BreadcrumbList","@id":"https:\/\/salesgrowthmachine.io\/pt-br\/contactos\/#breadcrumb","itemListElement":[{"@type":"ListItem","position":1,"name":"In\u00edcio","item":"https:\/\/salesgrowthmachine.io\/pt-br\/"},{"@type":"ListItem","position":2,"name":"Contactos"}]},{"@type":"WebSite","@id":"https:\/\/salesgrowthmachine.io\/pt-br\/#website","url":"https:\/\/salesgrowthmachine.io\/pt-br\/","name":"Sales Growth Machine","description":"Potencie o Crescimento do Seu Neg\u00f3cio com Growth Marketing","publisher":{"@id":"https:\/\/salesgrowthmachine.io\/pt-br\/#organization"},"potentialAction":[{"@type":"SearchAction","target":{"@type":"EntryPoint","urlTemplate":"https:\/\/salesgrowthmachine.io\/pt-br\/?s={search_term_string}"},"query-input":{"@type":"PropertyValueSpecification","valueRequired":true,"valueName":"search_term_string"}}],"inLanguage":"pt-BR"},{"@type":"Organization","@id":"https:\/\/salesgrowthmachine.io\/pt-br\/#organization","name":"BESEEN DIGITAL MARKETING UNIPESSOAL LDA","url":"https:\/\/salesgrowthmachine.io\/pt-br\/","logo":{"@type":"ImageObject","inLanguage":"pt-BR","@id":"https:\/\/salesgrowthmachine.io\/pt-br\/#\/schema\/logo\/image\/","url":"https:\/\/salesgrowthmachine.io\/wp-content\/uploads\/2025\/03\/Horizontal-Sales-Growth-Machines-preto-1.png","contentUrl":"https:\/\/salesgrowthmachine.io\/wp-content\/uploads\/2025\/03\/Horizontal-Sales-Growth-Machines-preto-1.png","width":1,"height":1,"caption":"BESEEN DIGITAL MARKETING UNIPESSOAL LDA"},"image":{"@id":"https:\/\/salesgrowthmachine.io\/pt-br\/#\/schema\/logo\/image\/"},"sameAs":["https:\/\/www.facebook.com\/profile.php?id=61574198341591"]}]}},"_links":{"self":[{"href":"https:\/\/salesgrowthmachine.io\/pt-br\/wp-json\/wp\/v2\/pages\/1382","targetHints":{"allow":["GET"]}}],"collection":[{"href":"https:\/\/salesgrowthmachine.io\/pt-br\/wp-json\/wp\/v2\/pages"}],"about":[{"href":"https:\/\/salesgrowthmachine.io\/pt-br\/wp-json\/wp\/v2\/types\/page"}],"author":[{"embeddable":true,"href":"https:\/\/salesgrowthmachine.io\/pt-br\/wp-json\/wp\/v2\/users\/1"}],"replies":[{"embeddable":true,"href":"https:\/\/salesgrowthmachine.io\/pt-br\/wp-json\/wp\/v2\/comments?post=1382"}],"version-history":[{"count":0,"href":"https:\/\/salesgrowthmachine.io\/pt-br\/wp-json\/wp\/v2\/pages\/1382\/revisions"}],"wp:attachment":[{"href":"https:\/\/salesgrowthmachine.io\/pt-br\/wp-json\/wp\/v2\/media?parent=1382"}],"curies":[{"name":"wp","href":"https:\/\/api.w.org\/{rel}","templated":true}]}}