{"id":6744,"date":"2025-03-14T12:16:23","date_gmt":"2025-03-14T12:16:23","guid":{"rendered":"https:\/\/salesgrowthmachine.io\/obrigado-criacao-de-site\/"},"modified":"2025-03-14T17:42:37","modified_gmt":"2025-03-14T17:42:37","slug":"obrigado-criacao-de-site","status":"publish","type":"page","link":"https:\/\/salesgrowthmachine.io\/pt-br\/obrigado-criacao-de-site\/","title":{"rendered":"Obrigado Cria\u00e7\u00e3o de Site"},"content":{"rendered":"\t\t<div data-elementor-type=\"wp-page\" data-elementor-id=\"6744\" class=\"elementor elementor-6744 elementor-6551\" data-elementor-post-type=\"page\">\n\t\t\t\t<div class=\"elementor-element elementor-element-aa1ae12 e-flex e-con-boxed e-con e-parent\" data-id=\"aa1ae12\" data-element_type=\"container\" data-settings=\"{&quot;background_background&quot;:&quot;gradient&quot;}\">\n\t\t\t\t\t<div class=\"e-con-inner\">\n\t\t<div class=\"elementor-element elementor-element-80f1a04 e-con-full e-flex e-con e-child\" data-id=\"80f1a04\" data-element_type=\"container\">\n\t\t\t\t<div class=\"elementor-element elementor-element-f76579b elementor-widget elementor-widget-image\" data-id=\"f76579b\" data-element_type=\"widget\" data-widget_type=\"image.default\">\n\t\t\t\t\t\t\t\t\t\t\t\t\t\t\t\t<a href=\"https:\/\/salesgrowthmachine.io\/home\/\">\n\t\t\t\t\t\t\t<img decoding=\"async\" src=\"https:\/\/salesgrowthmachine.io\/wp-content\/uploads\/2024\/12\/Logo-Vertical-positivo.svg\" title=\"\" alt=\"\" loading=\"lazy\" \/>\t\t\t\t\t\t\t\t<\/a>\n\t\t\t\t\t\t\t\t\t\t\t\t\t\t\t<\/div>\n\t\t\t\t<div class=\"elementor-element elementor-element-f7d1ff0 elementor-widget__width-initial elementor-widget-mobile__width-initial elementor-widget elementor-widget-heading\" data-id=\"f7d1ff0\" data-element_type=\"widget\" data-widget_type=\"heading.default\">\n\t\t\t\t\t<h1 class=\"elementor-heading-title elementor-size-default\">Venda todos os dias<\/h1>\t\t\t\t<\/div>\n\t\t\t\t<div class=\"elementor-element elementor-element-5d9a7eb elementor-widget elementor-widget-heading\" data-id=\"5d9a7eb\" data-element_type=\"widget\" data-widget_type=\"heading.default\">\n\t\t\t\t\t<h2 class=\"elementor-heading-title elementor-size-default\">Sua solicita\u00e7\u00e3o foi enviada com sucesso!<\/h2>\t\t\t\t<\/div>\n\t\t\t\t<div class=\"elementor-element elementor-element-b8c21c2 elementor-widget elementor-widget-text-editor\" data-id=\"b8c21c2\" data-element_type=\"widget\" data-widget_type=\"text-editor.default\">\n\t\t\t\t\t\t\t\t\t<p>Em breve, um dos nossos especialistas entrar\u00e1 em contacto para ajudar nas suas d\u00favidas.<\/p>\t\t\t\t\t\t\t\t<\/div>\n\t\t\t\t<div class=\"elementor-element elementor-element-e2f5640 elementor-widget elementor-widget-heading\" data-id=\"e2f5640\" data-element_type=\"widget\" data-widget_type=\"heading.default\">\n\t\t\t\t\t<h2 class=\"elementor-heading-title elementor-size-default\">Se preferir, clique no bot\u00e3o abaixo para falar conosco atrav\u00e9s do WhatsApp. Sinta-se \u00e0 vontade para nos contactar. <\/h2>\t\t\t\t<\/div>\n\t\t<div class=\"elementor-element elementor-element-ea0b476 e-con-full e-flex e-con e-child\" data-id=\"ea0b476\" data-element_type=\"container\">\n\t\t<div class=\"elementor-element elementor-element-8054231 e-con-full e-flex e-con e-child\" data-id=\"8054231\" data-element_type=\"container\">\n\t\t\t\t<div class=\"elementor-element elementor-element-1f511ce elementor-align-right elementor-widget elementor-widget-button\" data-id=\"1f511ce\" data-element_type=\"widget\" data-widget_type=\"button.default\">\n\t\t\t\t\t\t\t\t\t\t<a class=\"elementor-button elementor-button-link elementor-size-sm\" href=\"https:\/\/api.whatsapp.com\/send\/?phone=351926777626&#038;text=Quero+saber+mais+sobre+como+o+Growth+Marketing+pode+ajudar+a+minha+empresa+crescer+de+forma+acelerada.&#038;type=phone_number&#038;app_absent=0\" target=\"_blank\">\n\t\t\t\t\t\t<span class=\"elementor-button-content-wrapper\">\n\t\t\t\t\t\t<span class=\"elementor-button-icon\">\n\t\t\t\t<i aria-hidden=\"true\" class=\"icon icon-whatsapp-1\"><\/i>\t\t\t<\/span>\n\t\t\t\t\t\t\t\t\t<span class=\"elementor-button-text\">Falar com um consultor<\/span>\n\t\t\t\t\t<\/span>\n\t\t\t\t\t<\/a>\n\t\t\t\t\t\t\t\t<\/div>\n\t\t\t\t<\/div>\n\t\t<div class=\"elementor-element elementor-element-7d9ec5c e-con-full e-flex e-con e-child\" data-id=\"7d9ec5c\" data-element_type=\"container\">\n\t\t\t\t<div class=\"elementor-element elementor-element-f5829d2 elementor-align-left elementor-widget elementor-widget-button\" data-id=\"f5829d2\" data-element_type=\"widget\" data-widget_type=\"button.default\">\n\t\t\t\t\t\t\t\t\t\t<a class=\"elementor-button elementor-button-link elementor-size-sm\" href=\"https:\/\/salesgrowthmachine.io\/pt-br\/\">\n\t\t\t\t\t\t<span class=\"elementor-button-content-wrapper\">\n\t\t\t\t\t\t<span class=\"elementor-button-icon\">\n\t\t\t\t<svg aria-hidden=\"true\" class=\"e-font-icon-svg e-fas-chess-queen\" viewBox=\"0 0 512 512\" xmlns=\"http:\/\/www.w3.org\/2000\/svg\"><path d=\"M256 112a56 56 0 1 0-56-56 56 56 0 0 0 56 56zm176 336H80a16 16 0 0 0-16 16v32a16 16 0 0 0 16 16h352a16 16 0 0 0 16-16v-32a16 16 0 0 0-16-16zm72.87-263.84l-28.51-15.92c-7.44-5-16.91-2.46-22.29 4.68a47.59 47.59 0 0 1-47.23 18.23C383.7 186.86 368 164.93 368 141.4a13.4 13.4 0 0 0-13.4-13.4h-38.77c-6 0-11.61 4-12.86 9.91a48 48 0 0 1-93.94 0c-1.25-5.92-6.82-9.91-12.86-9.91H157.4a13.4 13.4 0 0 0-13.4 13.4c0 25.69-19 48.75-44.67 50.49a47.5 47.5 0 0 1-41.54-19.15c-5.28-7.09-14.73-9.45-22.09-4.54l-28.57 16a16 16 0 0 0-5.44 20.47L104.24 416h303.52l102.55-211.37a16 16 0 0 0-5.44-20.47z\"><\/path><\/svg>\t\t\t<\/span>\n\t\t\t\t\t\t\t\t\t<span class=\"elementor-button-text\">Ver o site da Growth<\/span>\n\t\t\t\t\t<\/span>\n\t\t\t\t\t<\/a>\n\t\t\t\t\t\t\t\t<\/div>\n\t\t\t\t<\/div>\n\t\t\t\t<\/div>\n\t\t\t\t<div class=\"elementor-element elementor-element-4fe5f98 elementor-widget elementor-widget-image\" data-id=\"4fe5f98\" data-element_type=\"widget\" data-widget_type=\"image.default\">\n\t\t\t\t\t\t\t\t\t\t\t\t\t\t\t<img fetchpriority=\"high\" decoding=\"async\" width=\"512\" height=\"512\" src=\"https:\/\/salesgrowthmachine.io\/wp-content\/uploads\/2024\/12\/Favicon-2.png\" class=\"attachment-full size-full wp-image-1302\" alt=\"\" srcset=\"https:\/\/salesgrowthmachine.io\/wp-content\/uploads\/2024\/12\/Favicon-2.png 512w, https:\/\/salesgrowthmachine.io\/wp-content\/uploads\/2024\/12\/Favicon-2-300x300.png 300w, https:\/\/salesgrowthmachine.io\/wp-content\/uploads\/2024\/12\/Favicon-2-150x150.png 150w\" sizes=\"(max-width: 512px) 100vw, 512px\" \/>\t\t\t\t\t\t\t\t\t\t\t\t\t\t\t<\/div>\n\t\t\t\t<div class=\"elementor-element elementor-element-d484b6d elementor-nav-menu__align-center elementor-nav-menu--dropdown-tablet elementor-nav-menu__text-align-aside elementor-nav-menu--toggle elementor-nav-menu--burger elementor-widget elementor-widget-nav-menu\" data-id=\"d484b6d\" data-element_type=\"widget\" data-settings=\"{&quot;layout&quot;:&quot;horizontal&quot;,&quot;submenu_icon&quot;:{&quot;value&quot;:&quot;&lt;svg class=\\&quot;e-font-icon-svg e-fas-caret-down\\&quot; viewBox=\\&quot;0 0 320 512\\&quot; xmlns=\\&quot;http:\\\/\\\/www.w3.org\\\/2000\\\/svg\\&quot;&gt;&lt;path d=\\&quot;M31.3 192h257.3c17.8 0 26.7 21.5 14.1 34.1L174.1 354.8c-7.8 7.8-20.5 7.8-28.3 0L17.2 226.1C4.6 213.5 13.5 192 31.3 192z\\&quot;&gt;&lt;\\\/path&gt;&lt;\\\/svg&gt;&quot;,&quot;library&quot;:&quot;fa-solid&quot;},&quot;toggle&quot;:&quot;burger&quot;}\" data-widget_type=\"nav-menu.default\">\n\t\t\t\t\t\t\t\t<nav aria-label=\"Menu\" class=\"elementor-nav-menu--main elementor-nav-menu__container elementor-nav-menu--layout-horizontal e--pointer-none\">\n\t\t\t\t<ul id=\"menu-1-d484b6d\" class=\"elementor-nav-menu\"><li class=\"menu-item menu-item-type-post_type menu-item-object-page menu-item-104\"><a href=\"https:\/\/salesgrowthmachine.io\/termos-e-condicoes\/\" class=\"elementor-item\">Termos e Condi\u00e7\u00f5es<\/a><\/li>\n<li class=\"menu-item menu-item-type-post_type menu-item-object-page menu-item-103\"><a rel=\"privacy-policy\" href=\"https:\/\/salesgrowthmachine.io\/politica-de-privacidade\/\" class=\"elementor-item\">Pol\u00edtica de Privacidade<\/a><\/li>\n<li class=\"menu-item menu-item-type-post_type menu-item-object-page menu-item-102\"><a href=\"https:\/\/salesgrowthmachine.io\/dados\/\" class=\"elementor-item\">Dados<\/a><\/li>\n<li class=\"menu-item menu-item-type-custom menu-item-object-custom menu-item-105\"><a href=\"https:\/\/www.livroreclamacoes.pt\/Inicio\/\" class=\"elementor-item\">Livro de reclama\u00e7\u00f5es<\/a><\/li>\n<\/ul>\t\t\t<\/nav>\n\t\t\t\t\t<div class=\"elementor-menu-toggle\" role=\"button\" tabindex=\"0\" aria-label=\"Alternar menu\" aria-expanded=\"false\">\n\t\t\t<svg aria-hidden=\"true\" role=\"presentation\" class=\"elementor-menu-toggle__icon--open e-font-icon-svg e-eicon-menu-bar\" viewBox=\"0 0 1000 1000\" xmlns=\"http:\/\/www.w3.org\/2000\/svg\"><path d=\"M104 333H896C929 333 958 304 958 271S929 208 896 208H104C71 208 42 237 42 271S71 333 104 333ZM104 583H896C929 583 958 554 958 521S929 458 896 458H104C71 458 42 487 42 521S71 583 104 583ZM104 833H896C929 833 958 804 958 771S929 708 896 708H104C71 708 42 737 42 771S71 833 104 833Z\"><\/path><\/svg><svg aria-hidden=\"true\" role=\"presentation\" class=\"elementor-menu-toggle__icon--close e-font-icon-svg e-eicon-close\" viewBox=\"0 0 1000 1000\" xmlns=\"http:\/\/www.w3.org\/2000\/svg\"><path d=\"M742 167L500 408 258 167C246 154 233 150 217 150 196 150 179 158 167 167 154 179 150 196 150 212 150 229 154 242 171 254L408 500 167 742C138 771 138 800 167 829 196 858 225 858 254 829L496 587 738 829C750 842 767 846 783 846 800 846 817 842 829 829 842 817 846 804 846 783 846 767 842 750 829 737L588 500 833 258C863 229 863 200 833 171 804 137 775 137 742 167Z\"><\/path><\/svg>\t\t<\/div>\n\t\t\t\t\t<nav class=\"elementor-nav-menu--dropdown elementor-nav-menu__container\" aria-hidden=\"true\">\n\t\t\t\t<ul id=\"menu-2-d484b6d\" class=\"elementor-nav-menu\"><li class=\"menu-item menu-item-type-post_type menu-item-object-page menu-item-104\"><a href=\"https:\/\/salesgrowthmachine.io\/termos-e-condicoes\/\" class=\"elementor-item\" tabindex=\"-1\">Termos e Condi\u00e7\u00f5es<\/a><\/li>\n<li class=\"menu-item menu-item-type-post_type menu-item-object-page menu-item-103\"><a rel=\"privacy-policy\" href=\"https:\/\/salesgrowthmachine.io\/politica-de-privacidade\/\" class=\"elementor-item\" tabindex=\"-1\">Pol\u00edtica de Privacidade<\/a><\/li>\n<li class=\"menu-item menu-item-type-post_type menu-item-object-page menu-item-102\"><a href=\"https:\/\/salesgrowthmachine.io\/dados\/\" class=\"elementor-item\" tabindex=\"-1\">Dados<\/a><\/li>\n<li class=\"menu-item menu-item-type-custom menu-item-object-custom menu-item-105\"><a href=\"https:\/\/www.livroreclamacoes.pt\/Inicio\/\" class=\"elementor-item\" tabindex=\"-1\">Livro de reclama\u00e7\u00f5es<\/a><\/li>\n<\/ul>\t\t\t<\/nav>\n\t\t\t\t\t\t<\/div>\n\t\t\t\t<\/div>\n\t\t\t\t\t<\/div>\n\t\t\t\t<\/div>\n\t\t\t\t<\/div>\n\t\t","protected":false},"excerpt":{"rendered":"<p>Venda todos os dias Sua solicita\u00e7\u00e3o foi enviada com sucesso! Em breve, um dos nossos especialistas entrar\u00e1 em contacto para ajudar nas suas d\u00favidas. Se preferir, clique no bot\u00e3o abaixo para falar conosco atrav\u00e9s do WhatsApp. Sinta-se \u00e0 vontade para nos contactar. Falar com um consultor Ver o site da Growth<\/p>\n","protected":false},"author":1,"featured_media":0,"parent":0,"menu_order":0,"comment_status":"closed","ping_status":"closed","template":"elementor_canvas","meta":{"inline_featured_image":false,"footnotes":""},"class_list":["post-6744","page","type-page","status-publish","hentry"],"yoast_head":"<!-- This site is optimized with the Yoast SEO Premium plugin v24.6 (Yoast SEO v25.5) - https:\/\/yoast.com\/wordpress\/plugins\/seo\/ -->\n<title>Obrigado Cria\u00e7\u00e3o de Site - Growth Marketing<\/title>\n<meta name=\"robots\" content=\"index, follow, max-snippet:-1, max-image-preview:large, max-video-preview:-1\" \/>\n<link rel=\"canonical\" href=\"https:\/\/salesgrowthmachine.io\/pt-br\/obrigado-criacao-de-site\/\" \/>\n<meta property=\"og:locale\" content=\"pt_BR\" \/>\n<meta property=\"og:type\" content=\"article\" \/>\n<meta property=\"og:title\" content=\"Obrigado Cria\u00e7\u00e3o de Site\" \/>\n<meta property=\"og:description\" content=\"Venda todos os dias Sua solicita\u00e7\u00e3o foi enviada com sucesso! Em breve, um dos nossos especialistas entrar\u00e1 em contacto para ajudar nas suas d\u00favidas. Se preferir, clique no bot\u00e3o abaixo para falar conosco atrav\u00e9s do WhatsApp. Sinta-se \u00e0 vontade para nos contactar. Falar com um consultor Ver o site da Growth\" \/>\n<meta property=\"og:url\" content=\"https:\/\/salesgrowthmachine.io\/pt-br\/obrigado-criacao-de-site\/\" \/>\n<meta property=\"og:site_name\" content=\"Growth Marketing\" \/>\n<meta property=\"article:publisher\" content=\"https:\/\/www.facebook.com\/profile.php?id=61574198341591\" \/>\n<meta property=\"article:modified_time\" content=\"2025-03-14T17:42:37+00:00\" \/>\n<meta property=\"og:image\" content=\"https:\/\/salesgrowthmachine.io\/wp-content\/uploads\/2024\/12\/Logo-Vertical-positivo.svg\" \/>\n<meta name=\"twitter:card\" content=\"summary_large_image\" \/>\n<script type=\"application\/ld+json\" class=\"yoast-schema-graph\">{\"@context\":\"https:\/\/schema.org\",\"@graph\":[{\"@type\":\"WebPage\",\"@id\":\"https:\/\/salesgrowthmachine.io\/pt-br\/obrigado-criacao-de-site\/\",\"url\":\"https:\/\/salesgrowthmachine.io\/pt-br\/obrigado-criacao-de-site\/\",\"name\":\"Obrigado Cria\u00e7\u00e3o de Site - Growth Marketing\",\"isPartOf\":{\"@id\":\"https:\/\/salesgrowthmachine.io\/pt-br\/#website\"},\"primaryImageOfPage\":{\"@id\":\"https:\/\/salesgrowthmachine.io\/pt-br\/obrigado-criacao-de-site\/#primaryimage\"},\"image\":{\"@id\":\"https:\/\/salesgrowthmachine.io\/pt-br\/obrigado-criacao-de-site\/#primaryimage\"},\"thumbnailUrl\":\"https:\/\/salesgrowthmachine.io\/wp-content\/uploads\/2024\/12\/Logo-Vertical-positivo.svg\",\"datePublished\":\"2025-03-14T12:16:23+00:00\",\"dateModified\":\"2025-03-14T17:42:37+00:00\",\"breadcrumb\":{\"@id\":\"https:\/\/salesgrowthmachine.io\/pt-br\/obrigado-criacao-de-site\/#breadcrumb\"},\"inLanguage\":\"pt-BR\",\"potentialAction\":[{\"@type\":\"ReadAction\",\"target\":[\"https:\/\/salesgrowthmachine.io\/pt-br\/obrigado-criacao-de-site\/\"]}]},{\"@type\":\"ImageObject\",\"inLanguage\":\"pt-BR\",\"@id\":\"https:\/\/salesgrowthmachine.io\/pt-br\/obrigado-criacao-de-site\/#primaryimage\",\"url\":\"https:\/\/salesgrowthmachine.io\/wp-content\/uploads\/2024\/12\/Logo-Vertical-positivo.svg\",\"contentUrl\":\"https:\/\/salesgrowthmachine.io\/wp-content\/uploads\/2024\/12\/Logo-Vertical-positivo.svg\"},{\"@type\":\"BreadcrumbList\",\"@id\":\"https:\/\/salesgrowthmachine.io\/pt-br\/obrigado-criacao-de-site\/#breadcrumb\",\"itemListElement\":[{\"@type\":\"ListItem\",\"position\":1,\"name\":\"In\u00edcio\",\"item\":\"https:\/\/salesgrowthmachine.io\/pt-br\/\"},{\"@type\":\"ListItem\",\"position\":2,\"name\":\"Obrigado Cria\u00e7\u00e3o de Site\"}]},{\"@type\":\"WebSite\",\"@id\":\"https:\/\/salesgrowthmachine.io\/pt-br\/#website\",\"url\":\"https:\/\/salesgrowthmachine.io\/pt-br\/\",\"name\":\"Sales Growth Machine\",\"description\":\"Potencie o Crescimento do Seu Neg\u00f3cio com Growth Marketing\",\"publisher\":{\"@id\":\"https:\/\/salesgrowthmachine.io\/pt-br\/#organization\"},\"potentialAction\":[{\"@type\":\"SearchAction\",\"target\":{\"@type\":\"EntryPoint\",\"urlTemplate\":\"https:\/\/salesgrowthmachine.io\/pt-br\/?s={search_term_string}\"},\"query-input\":{\"@type\":\"PropertyValueSpecification\",\"valueRequired\":true,\"valueName\":\"search_term_string\"}}],\"inLanguage\":\"pt-BR\"},{\"@type\":\"Organization\",\"@id\":\"https:\/\/salesgrowthmachine.io\/pt-br\/#organization\",\"name\":\"BESEEN DIGITAL MARKETING UNIPESSOAL LDA\",\"url\":\"https:\/\/salesgrowthmachine.io\/pt-br\/\",\"logo\":{\"@type\":\"ImageObject\",\"inLanguage\":\"pt-BR\",\"@id\":\"https:\/\/salesgrowthmachine.io\/pt-br\/#\/schema\/logo\/image\/\",\"url\":\"https:\/\/salesgrowthmachine.io\/wp-content\/uploads\/2025\/03\/Horizontal-Sales-Growth-Machines-preto-1.png\",\"contentUrl\":\"https:\/\/salesgrowthmachine.io\/wp-content\/uploads\/2025\/03\/Horizontal-Sales-Growth-Machines-preto-1.png\",\"width\":1,\"height\":1,\"caption\":\"BESEEN DIGITAL MARKETING UNIPESSOAL LDA\"},\"image\":{\"@id\":\"https:\/\/salesgrowthmachine.io\/pt-br\/#\/schema\/logo\/image\/\"},\"sameAs\":[\"https:\/\/www.facebook.com\/profile.php?id=61574198341591\"]}]}<\/script>\n<!-- \/ Yoast SEO Premium plugin. -->","yoast_head_json":{"title":"Obrigado Cria\u00e7\u00e3o de Site - Growth Marketing","robots":{"index":"index","follow":"follow","max-snippet":"max-snippet:-1","max-image-preview":"max-image-preview:large","max-video-preview":"max-video-preview:-1"},"canonical":"https:\/\/salesgrowthmachine.io\/pt-br\/obrigado-criacao-de-site\/","og_locale":"pt_BR","og_type":"article","og_title":"Obrigado Cria\u00e7\u00e3o de Site","og_description":"Venda todos os dias Sua solicita\u00e7\u00e3o foi enviada com sucesso! Em breve, um dos nossos especialistas entrar\u00e1 em contacto para ajudar nas suas d\u00favidas. Se preferir, clique no bot\u00e3o abaixo para falar conosco atrav\u00e9s do WhatsApp. Sinta-se \u00e0 vontade para nos contactar. Falar com um consultor Ver o site da Growth","og_url":"https:\/\/salesgrowthmachine.io\/pt-br\/obrigado-criacao-de-site\/","og_site_name":"Growth Marketing","article_publisher":"https:\/\/www.facebook.com\/profile.php?id=61574198341591","article_modified_time":"2025-03-14T17:42:37+00:00","og_image":[{"url":"https:\/\/salesgrowthmachine.io\/wp-content\/uploads\/2024\/12\/Logo-Vertical-positivo.svg","type":"","width":"","height":""}],"twitter_card":"summary_large_image","schema":{"@context":"https:\/\/schema.org","@graph":[{"@type":"WebPage","@id":"https:\/\/salesgrowthmachine.io\/pt-br\/obrigado-criacao-de-site\/","url":"https:\/\/salesgrowthmachine.io\/pt-br\/obrigado-criacao-de-site\/","name":"Obrigado Cria\u00e7\u00e3o de Site - Growth Marketing","isPartOf":{"@id":"https:\/\/salesgrowthmachine.io\/pt-br\/#website"},"primaryImageOfPage":{"@id":"https:\/\/salesgrowthmachine.io\/pt-br\/obrigado-criacao-de-site\/#primaryimage"},"image":{"@id":"https:\/\/salesgrowthmachine.io\/pt-br\/obrigado-criacao-de-site\/#primaryimage"},"thumbnailUrl":"https:\/\/salesgrowthmachine.io\/wp-content\/uploads\/2024\/12\/Logo-Vertical-positivo.svg","datePublished":"2025-03-14T12:16:23+00:00","dateModified":"2025-03-14T17:42:37+00:00","breadcrumb":{"@id":"https:\/\/salesgrowthmachine.io\/pt-br\/obrigado-criacao-de-site\/#breadcrumb"},"inLanguage":"pt-BR","potentialAction":[{"@type":"ReadAction","target":["https:\/\/salesgrowthmachine.io\/pt-br\/obrigado-criacao-de-site\/"]}]},{"@type":"ImageObject","inLanguage":"pt-BR","@id":"https:\/\/salesgrowthmachine.io\/pt-br\/obrigado-criacao-de-site\/#primaryimage","url":"https:\/\/salesgrowthmachine.io\/wp-content\/uploads\/2024\/12\/Logo-Vertical-positivo.svg","contentUrl":"https:\/\/salesgrowthmachine.io\/wp-content\/uploads\/2024\/12\/Logo-Vertical-positivo.svg"},{"@type":"BreadcrumbList","@id":"https:\/\/salesgrowthmachine.io\/pt-br\/obrigado-criacao-de-site\/#breadcrumb","itemListElement":[{"@type":"ListItem","position":1,"name":"In\u00edcio","item":"https:\/\/salesgrowthmachine.io\/pt-br\/"},{"@type":"ListItem","position":2,"name":"Obrigado Cria\u00e7\u00e3o de Site"}]},{"@type":"WebSite","@id":"https:\/\/salesgrowthmachine.io\/pt-br\/#website","url":"https:\/\/salesgrowthmachine.io\/pt-br\/","name":"Sales Growth Machine","description":"Potencie o Crescimento do Seu Neg\u00f3cio com Growth Marketing","publisher":{"@id":"https:\/\/salesgrowthmachine.io\/pt-br\/#organization"},"potentialAction":[{"@type":"SearchAction","target":{"@type":"EntryPoint","urlTemplate":"https:\/\/salesgrowthmachine.io\/pt-br\/?s={search_term_string}"},"query-input":{"@type":"PropertyValueSpecification","valueRequired":true,"valueName":"search_term_string"}}],"inLanguage":"pt-BR"},{"@type":"Organization","@id":"https:\/\/salesgrowthmachine.io\/pt-br\/#organization","name":"BESEEN DIGITAL MARKETING UNIPESSOAL LDA","url":"https:\/\/salesgrowthmachine.io\/pt-br\/","logo":{"@type":"ImageObject","inLanguage":"pt-BR","@id":"https:\/\/salesgrowthmachine.io\/pt-br\/#\/schema\/logo\/image\/","url":"https:\/\/salesgrowthmachine.io\/wp-content\/uploads\/2025\/03\/Horizontal-Sales-Growth-Machines-preto-1.png","contentUrl":"https:\/\/salesgrowthmachine.io\/wp-content\/uploads\/2025\/03\/Horizontal-Sales-Growth-Machines-preto-1.png","width":1,"height":1,"caption":"BESEEN DIGITAL MARKETING UNIPESSOAL LDA"},"image":{"@id":"https:\/\/salesgrowthmachine.io\/pt-br\/#\/schema\/logo\/image\/"},"sameAs":["https:\/\/www.facebook.com\/profile.php?id=61574198341591"]}]}},"_links":{"self":[{"href":"https:\/\/salesgrowthmachine.io\/pt-br\/wp-json\/wp\/v2\/pages\/6744","targetHints":{"allow":["GET"]}}],"collection":[{"href":"https:\/\/salesgrowthmachine.io\/pt-br\/wp-json\/wp\/v2\/pages"}],"about":[{"href":"https:\/\/salesgrowthmachine.io\/pt-br\/wp-json\/wp\/v2\/types\/page"}],"author":[{"embeddable":true,"href":"https:\/\/salesgrowthmachine.io\/pt-br\/wp-json\/wp\/v2\/users\/1"}],"replies":[{"embeddable":true,"href":"https:\/\/salesgrowthmachine.io\/pt-br\/wp-json\/wp\/v2\/comments?post=6744"}],"version-history":[{"count":0,"href":"https:\/\/salesgrowthmachine.io\/pt-br\/wp-json\/wp\/v2\/pages\/6744\/revisions"}],"wp:attachment":[{"href":"https:\/\/salesgrowthmachine.io\/pt-br\/wp-json\/wp\/v2\/media?parent=6744"}],"curies":[{"name":"wp","href":"https:\/\/api.w.org\/{rel}","templated":true}]}}